{"id":1985,"date":"2021-10-06T13:28:19","date_gmt":"2021-10-06T13:28:19","guid":{"rendered":"http:\/\/localhost\/machic\/?page_id=1985"},"modified":"2023-07-04T22:34:07","modified_gmt":"2023-07-04T22:34:07","slug":"contacto","status":"publish","type":"page","link":"https:\/\/www.rodillosyelastomeros.mx\/tienda\/contacto\/","title":{"rendered":"Contacto"},"content":{"rendered":"\t\t<div data-elementor-type=\"wp-page\" data-elementor-id=\"1985\" class=\"elementor elementor-1985\" data-elementor-post-type=\"page\">\n\t\t\t\t\t\t<section class=\"elementor-section elementor-top-section elementor-element elementor-element-677addc elementor-section-boxed elementor-section-height-default elementor-section-height-default\" data-id=\"677addc\" data-element_type=\"section\" data-e-type=\"section\">\n\t\t\t\t\t\t<div class=\"elementor-container elementor-column-gap-extended\">\n\t\t\t\t\t<div class=\"elementor-column elementor-col-100 elementor-top-column elementor-element elementor-element-45b25de\" data-id=\"45b25de\" data-element_type=\"column\" data-e-type=\"column\">\n\t\t\t<div class=\"elementor-widget-wrap\">\n\t\t\t\t\t\t\t<\/div>\n\t\t<\/div>\n\t\t\t\t\t<\/div>\n\t\t<\/section>\n\t\t\t\t<section class=\"elementor-section elementor-top-section elementor-element elementor-element-187d03f elementor-section-boxed elementor-section-height-default elementor-section-height-default\" data-id=\"187d03f\" data-element_type=\"section\" data-e-type=\"section\">\n\t\t\t\t\t\t<div class=\"elementor-container elementor-column-gap-extended\">\n\t\t\t\t\t<div class=\"elementor-column elementor-col-33 elementor-top-column elementor-element elementor-element-62d71e4\" data-id=\"62d71e4\" data-element_type=\"column\" data-e-type=\"column\">\n\t\t\t<div class=\"elementor-widget-wrap elementor-element-populated\">\n\t\t\t\t\t\t<div class=\"elementor-element elementor-element-71fe4e1 elementor-widget elementor-widget-image\" data-id=\"71fe4e1\" data-element_type=\"widget\" data-e-type=\"widget\" data-widget_type=\"image.default\">\n\t\t\t\t<div class=\"elementor-widget-container\">\n\t\t\t\t\t\t\t\t\t\t\t\t\t\t\t<img fetchpriority=\"high\" decoding=\"async\" width=\"1200\" height=\"1200\" src=\"https:\/\/www.rodillosyelastomeros.mx\/tienda\/wp-content\/uploads\/2021\/10\/contact-1.jpg\" class=\"attachment-full size-full wp-image-2004\" alt=\"\" srcset=\"https:\/\/www.rodillosyelastomeros.mx\/tienda\/wp-content\/uploads\/2021\/10\/contact-1.jpg 1200w, https:\/\/www.rodillosyelastomeros.mx\/tienda\/wp-content\/uploads\/2021\/10\/contact-1-90x90.jpg 90w, https:\/\/www.rodillosyelastomeros.mx\/tienda\/wp-content\/uploads\/2021\/10\/contact-1-54x54.jpg 54w, https:\/\/www.rodillosyelastomeros.mx\/tienda\/wp-content\/uploads\/2021\/10\/contact-1-600x600.jpg 600w, https:\/\/www.rodillosyelastomeros.mx\/tienda\/wp-content\/uploads\/2021\/10\/contact-1-64x64.jpg 64w, https:\/\/www.rodillosyelastomeros.mx\/tienda\/wp-content\/uploads\/2021\/10\/contact-1-300x300.jpg 300w, https:\/\/www.rodillosyelastomeros.mx\/tienda\/wp-content\/uploads\/2021\/10\/contact-1-1024x1024.jpg 1024w, https:\/\/www.rodillosyelastomeros.mx\/tienda\/wp-content\/uploads\/2021\/10\/contact-1-150x150.jpg 150w, https:\/\/www.rodillosyelastomeros.mx\/tienda\/wp-content\/uploads\/2021\/10\/contact-1-768x768.jpg 768w, https:\/\/www.rodillosyelastomeros.mx\/tienda\/wp-content\/uploads\/2021\/10\/contact-1-450x450.jpg 450w, https:\/\/www.rodillosyelastomeros.mx\/tienda\/wp-content\/uploads\/2021\/10\/contact-1-50x50.jpg 50w, https:\/\/www.rodillosyelastomeros.mx\/tienda\/wp-content\/uploads\/2021\/10\/contact-1-100x100.jpg 100w\" sizes=\"(max-width: 1200px) 100vw, 1200px\" \/>\t\t\t\t\t\t\t\t\t\t\t\t\t\t\t<\/div>\n\t\t\t\t<\/div>\n\t\t\t\t\t<\/div>\n\t\t<\/div>\n\t\t\t\t<div class=\"elementor-column elementor-col-33 elementor-top-column elementor-element elementor-element-e2c097e elementor-hidden-tablet elementor-hidden-mobile\" data-id=\"e2c097e\" data-element_type=\"column\" data-e-type=\"column\">\n\t\t\t<div class=\"elementor-widget-wrap\">\n\t\t\t\t\t\t\t<\/div>\n\t\t<\/div>\n\t\t\t\t<div class=\"elementor-column elementor-col-33 elementor-top-column elementor-element elementor-element-fa6036d\" data-id=\"fa6036d\" data-element_type=\"column\" data-e-type=\"column\">\n\t\t\t<div class=\"elementor-widget-wrap\">\n\t\t\t\t\t\t\t<\/div>\n\t\t<\/div>\n\t\t\t\t\t<\/div>\n\t\t<\/section>\n\t\t\t\t<\/div>\n\t\t","protected":false},"excerpt":{"rendered":"<p>Rodillos y Elast\u00f3meros Concesionados de M\u00e9xico CONTACTO UBICACI\u00d3N Ciudad de M\u00e9xico CDA. DE ESCAPE 15B, COL. PARQUE INDUSTRIAL XALOSTOC, ECATEPEC DE MORELOS, M\u00c9XICO, C.P. 55348. 55 5293 9811 ventas@rodillosyelastomeros.mx Informes Por favor, no dude en ponerse en contacto con nosotros. Llene el siguiente formulario y con gusto estaremos respondiendo lo m\u00e1s pronto posible. Nombre Raz\u00f3n<\/p>\n<div class=\"klb-readmore entry-button\"><a class=\"btn read-more\" href=\"https:\/\/www.rodillosyelastomeros.mx\/tienda\/contacto\/\">Read More<\/a><\/div>\n","protected":false},"author":1,"featured_media":0,"parent":0,"menu_order":0,"comment_status":"closed","ping_status":"closed","template":"","meta":{"_joinchat":[],"footnotes":""},"class_list":["post-1985","page","type-page","status-publish","hentry"],"_links":{"self":[{"href":"https:\/\/www.rodillosyelastomeros.mx\/tienda\/wp-json\/wp\/v2\/pages\/1985","targetHints":{"allow":["GET"]}}],"collection":[{"href":"https:\/\/www.rodillosyelastomeros.mx\/tienda\/wp-json\/wp\/v2\/pages"}],"about":[{"href":"https:\/\/www.rodillosyelastomeros.mx\/tienda\/wp-json\/wp\/v2\/types\/page"}],"author":[{"embeddable":true,"href":"https:\/\/www.rodillosyelastomeros.mx\/tienda\/wp-json\/wp\/v2\/users\/1"}],"replies":[{"embeddable":true,"href":"https:\/\/www.rodillosyelastomeros.mx\/tienda\/wp-json\/wp\/v2\/comments?post=1985"}],"version-history":[{"count":14,"href":"https:\/\/www.rodillosyelastomeros.mx\/tienda\/wp-json\/wp\/v2\/pages\/1985\/revisions"}],"predecessor-version":[{"id":3241,"href":"https:\/\/www.rodillosyelastomeros.mx\/tienda\/wp-json\/wp\/v2\/pages\/1985\/revisions\/3241"}],"wp:attachment":[{"href":"https:\/\/www.rodillosyelastomeros.mx\/tienda\/wp-json\/wp\/v2\/media?parent=1985"}],"curies":[{"name":"wp","href":"https:\/\/api.w.org\/{rel}","templated":true}]}}