{"id":2637,"date":"2022-08-20T19:45:47","date_gmt":"2022-08-20T19:45:47","guid":{"rendered":"https:\/\/www.rodillosyelastomeros.mx\/tienda\/?page_id=2637"},"modified":"2022-09-23T21:25:09","modified_gmt":"2022-09-23T21:25:09","slug":"recubrimiento-de-rodillos","status":"publish","type":"page","link":"https:\/\/www.rodillosyelastomeros.mx\/tienda\/recubrimiento-de-rodillos\/","title":{"rendered":"Recubrimiento de Rodillos"},"content":{"rendered":"\t\t<div data-elementor-type=\"wp-page\" data-elementor-id=\"2637\" class=\"elementor elementor-2637\" data-elementor-post-type=\"page\">\n\t\t\t\t\t\t<section class=\"elementor-section elementor-top-section elementor-element elementor-element-3ea6c62 elementor-section-boxed elementor-section-height-default elementor-section-height-default\" data-id=\"3ea6c62\" data-element_type=\"section\" data-e-type=\"section\">\n\t\t\t\t\t\t<div class=\"elementor-container elementor-column-gap-default\">\n\t\t\t\t\t<div class=\"elementor-column elementor-col-100 elementor-top-column elementor-element elementor-element-3887cbf\" data-id=\"3887cbf\" data-element_type=\"column\" data-e-type=\"column\">\n\t\t\t<div class=\"elementor-widget-wrap elementor-element-populated\">\n\t\t\t\t\t\t<div class=\"elementor-element elementor-element-25a25b3 elementor-widget elementor-widget-spacer\" data-id=\"25a25b3\" data-element_type=\"widget\" data-e-type=\"widget\" data-widget_type=\"spacer.default\">\n\t\t\t\t<div class=\"elementor-widget-container\">\n\t\t\t\t\t\t\t<div class=\"elementor-spacer\">\n\t\t\t<div class=\"elementor-spacer-inner\"><\/div>\n\t\t<\/div>\n\t\t\t\t\t\t<\/div>\n\t\t\t\t<\/div>\n\t\t\t\t<div class=\"elementor-element elementor-element-184e2c9 elementor-widget elementor-widget-heading\" data-id=\"184e2c9\" data-element_type=\"widget\" data-e-type=\"widget\" data-widget_type=\"heading.default\">\n\t\t\t\t<div class=\"elementor-widget-container\">\n\t\t\t\t\t<h2 class=\"elementor-heading-title elementor-size-default\">Recubrimiento de Rodillos<\/h2>\t\t\t\t<\/div>\n\t\t\t\t<\/div>\n\t\t\t\t<div class=\"elementor-element elementor-element-7a22771 elementor-widget elementor-widget-text-editor\" data-id=\"7a22771\" data-element_type=\"widget\" data-e-type=\"widget\" data-widget_type=\"text-editor.default\">\n\t\t\t\t<div class=\"elementor-widget-container\">\n\t\t\t\t\t\t\t\t\t<p>En Rodillos y Elast\u00f3meros Concesionados de M\u00e9xico contamos con el servicio de recubrimiento de rodillos en cualquier elast\u00f3mero<\/p>\t\t\t\t\t\t\t\t<\/div>\n\t\t\t\t<\/div>\n\t\t\t\t<section class=\"elementor-section elementor-inner-section elementor-element elementor-element-aa1c38d elementor-section-boxed elementor-section-height-default elementor-section-height-default\" data-id=\"aa1c38d\" data-element_type=\"section\" data-e-type=\"section\">\n\t\t\t\t\t\t<div class=\"elementor-container elementor-column-gap-default\">\n\t\t\t\t\t<div class=\"elementor-column elementor-col-50 elementor-inner-column elementor-element elementor-element-59cb71c\" data-id=\"59cb71c\" data-element_type=\"column\" data-e-type=\"column\">\n\t\t\t<div class=\"elementor-widget-wrap elementor-element-populated\">\n\t\t\t\t\t\t<div class=\"elementor-element elementor-element-2e79c29 elementor-widget elementor-widget-text-editor\" data-id=\"2e79c29\" data-element_type=\"widget\" data-e-type=\"widget\" data-widget_type=\"text-editor.default\">\n\t\t\t\t<div class=\"elementor-widget-container\">\n\t\t\t\t\t\t\t\t\t<h3 style=\"text-align: center;\">Poliuretano<\/h3><h3 style=\"text-align: center;\">Hypanol<\/h3><h3 style=\"text-align: center;\">EPDM<\/h3>\t\t\t\t\t\t\t\t<\/div>\n\t\t\t\t<\/div>\n\t\t\t\t\t<\/div>\n\t\t<\/div>\n\t\t\t\t<div class=\"elementor-column elementor-col-50 elementor-inner-column elementor-element elementor-element-68e8d2a\" data-id=\"68e8d2a\" data-element_type=\"column\" data-e-type=\"column\">\n\t\t\t<div class=\"elementor-widget-wrap elementor-element-populated\">\n\t\t\t\t\t\t<div class=\"elementor-element elementor-element-c3cf5b3 elementor-widget elementor-widget-text-editor\" data-id=\"c3cf5b3\" data-element_type=\"widget\" data-e-type=\"widget\" data-widget_type=\"text-editor.default\">\n\t\t\t\t<div class=\"elementor-widget-container\">\n\t\t\t\t\t\t\t\t\t<h3 style=\"text-align: center;\">Silicon<\/h3><h3 style=\"text-align: center;\">Neopreno<\/h3><h3 style=\"text-align: center;\">Nitrilo<\/h3>\t\t\t\t\t\t\t\t<\/div>\n\t\t\t\t<\/div>\n\t\t\t\t\t<\/div>\n\t\t<\/div>\n\t\t\t\t\t<\/div>\n\t\t<\/section>\n\t\t\t\t<div class=\"elementor-element elementor-element-fc2466b elementor-widget elementor-widget-text-editor\" data-id=\"fc2466b\" data-element_type=\"widget\" data-e-type=\"widget\" data-widget_type=\"text-editor.default\">\n\t\t\t\t<div class=\"elementor-widget-container\">\n\t\t\t\t\t\t\t\t\t<p>Entre algunas formulaciones especiales para esos procesos productivos que requieren un elast\u00f3mero desarrollado especialmente para un trabajo optimo hasta 6 metros de largo por un metro de di\u00e1metro<\/p>\t\t\t\t\t\t\t\t<\/div>\n\t\t\t\t<\/div>\n\t\t\t\t<section class=\"elementor-section elementor-inner-section elementor-element elementor-element-c81bc97 elementor-section-boxed elementor-section-height-default elementor-section-height-default\" data-id=\"c81bc97\" data-element_type=\"section\" data-e-type=\"section\">\n\t\t\t\t\t\t<div class=\"elementor-container elementor-column-gap-default\">\n\t\t\t\t\t<div class=\"elementor-column elementor-col-50 elementor-inner-column elementor-element elementor-element-41fd2da\" data-id=\"41fd2da\" data-element_type=\"column\" data-e-type=\"column\">\n\t\t\t<div class=\"elementor-widget-wrap\">\n\t\t\t\t\t\t\t<\/div>\n\t\t<\/div>\n\t\t\t\t<div class=\"elementor-column elementor-col-50 elementor-inner-column elementor-element elementor-element-02fa3c9\" data-id=\"02fa3c9\" data-element_type=\"column\" data-e-type=\"column\">\n\t\t\t<div class=\"elementor-widget-wrap elementor-element-populated\">\n\t\t\t\t\t\t<div class=\"elementor-element elementor-element-bcfe533 elementor-widget elementor-widget-gallery\" data-id=\"bcfe533\" data-element_type=\"widget\" data-e-type=\"widget\" data-settings=\"{&quot;columns&quot;:2,&quot;lazyload&quot;:&quot;yes&quot;,&quot;gallery_layout&quot;:&quot;grid&quot;,&quot;columns_tablet&quot;:2,&quot;columns_mobile&quot;:1,&quot;gap&quot;:{&quot;unit&quot;:&quot;px&quot;,&quot;size&quot;:10,&quot;sizes&quot;:[]},&quot;gap_tablet&quot;:{&quot;unit&quot;:&quot;px&quot;,&quot;size&quot;:10,&quot;sizes&quot;:[]},&quot;gap_mobile&quot;:{&quot;unit&quot;:&quot;px&quot;,&quot;size&quot;:10,&quot;sizes&quot;:[]},&quot;link_to&quot;:&quot;file&quot;,&quot;aspect_ratio&quot;:&quot;3:2&quot;,&quot;overlay_background&quot;:&quot;yes&quot;,&quot;content_hover_animation&quot;:&quot;fade-in&quot;}\" data-widget_type=\"gallery.default\">\n\t\t\t\t<div class=\"elementor-widget-container\">\n\t\t\t\t\t\t\t<div class=\"elementor-gallery__container\">\n\t\t\t\t\t\t\t<a class=\"e-gallery-item elementor-gallery-item elementor-animated-content\" href=\"https:\/\/www.rodillosyelastomeros.mx\/tienda\/wp-content\/uploads\/2022\/09\/recubrimiento-1.jpg\" data-elementor-open-lightbox=\"yes\" data-elementor-lightbox-slideshow=\"bcfe533\" data-elementor-lightbox-title=\"recubrimiento-(1)\" data-e-action-hash=\"#elementor-action%3Aaction%3Dlightbox%26settings%3DeyJpZCI6MzE0MywidXJsIjoiaHR0cHM6XC9cL3d3dy5yb2RpbGxvc3llbGFzdG9tZXJvcy5teFwvdGllbmRhXC93cC1jb250ZW50XC91cGxvYWRzXC8yMDIyXC8wOVwvcmVjdWJyaW1pZW50by0xLmpwZyIsInNsaWRlc2hvdyI6ImJjZmU1MzMifQ%3D%3D\">\n\t\t\t\t\t<div class=\"e-gallery-image elementor-gallery-item__image\" data-thumbnail=\"https:\/\/www.rodillosyelastomeros.mx\/tienda\/wp-content\/uploads\/2022\/09\/recubrimiento-1-450x450.jpg\" data-width=\"450\" data-height=\"450\" aria-label=\"\" role=\"img\" ><\/div>\n\t\t\t\t\t\t\t\t\t\t\t<div class=\"elementor-gallery-item__overlay\"><\/div>\n\t\t\t\t\t\t\t\t\t\t\t\t\t\t<\/a>\n\t\t\t\t\t\t\t<a class=\"e-gallery-item elementor-gallery-item elementor-animated-content\" href=\"https:\/\/www.rodillosyelastomeros.mx\/tienda\/wp-content\/uploads\/2022\/09\/recubrimiento-2.jpg\" data-elementor-open-lightbox=\"yes\" data-elementor-lightbox-slideshow=\"bcfe533\" data-elementor-lightbox-title=\"recubrimiento-(2)\" data-e-action-hash=\"#elementor-action%3Aaction%3Dlightbox%26settings%3DeyJpZCI6MzE0NCwidXJsIjoiaHR0cHM6XC9cL3d3dy5yb2RpbGxvc3llbGFzdG9tZXJvcy5teFwvdGllbmRhXC93cC1jb250ZW50XC91cGxvYWRzXC8yMDIyXC8wOVwvcmVjdWJyaW1pZW50by0yLmpwZyIsInNsaWRlc2hvdyI6ImJjZmU1MzMifQ%3D%3D\">\n\t\t\t\t\t<div class=\"e-gallery-image elementor-gallery-item__image\" data-thumbnail=\"https:\/\/www.rodillosyelastomeros.mx\/tienda\/wp-content\/uploads\/2022\/09\/recubrimiento-2-450x300.jpg\" data-width=\"450\" data-height=\"300\" aria-label=\"\" role=\"img\" ><\/div>\n\t\t\t\t\t\t\t\t\t\t\t<div class=\"elementor-gallery-item__overlay\"><\/div>\n\t\t\t\t\t\t\t\t\t\t\t\t\t\t<\/a>\n\t\t\t\t\t\t\t<a class=\"e-gallery-item elementor-gallery-item elementor-animated-content\" href=\"https:\/\/www.rodillosyelastomeros.mx\/tienda\/wp-content\/uploads\/2022\/09\/recubrimiento-3.jpg\" data-elementor-open-lightbox=\"yes\" data-elementor-lightbox-slideshow=\"bcfe533\" data-elementor-lightbox-title=\"recubrimiento-(3)\" data-e-action-hash=\"#elementor-action%3Aaction%3Dlightbox%26settings%3DeyJpZCI6MzE0NSwidXJsIjoiaHR0cHM6XC9cL3d3dy5yb2RpbGxvc3llbGFzdG9tZXJvcy5teFwvdGllbmRhXC93cC1jb250ZW50XC91cGxvYWRzXC8yMDIyXC8wOVwvcmVjdWJyaW1pZW50by0zLmpwZyIsInNsaWRlc2hvdyI6ImJjZmU1MzMifQ%3D%3D\">\n\t\t\t\t\t<div class=\"e-gallery-image elementor-gallery-item__image\" data-thumbnail=\"https:\/\/www.rodillosyelastomeros.mx\/tienda\/wp-content\/uploads\/2022\/09\/recubrimiento-3-450x400.jpg\" data-width=\"450\" data-height=\"400\" aria-label=\"\" role=\"img\" ><\/div>\n\t\t\t\t\t\t\t\t\t\t\t<div class=\"elementor-gallery-item__overlay\"><\/div>\n\t\t\t\t\t\t\t\t\t\t\t\t\t\t<\/a>\n\t\t\t\t\t\t\t<a class=\"e-gallery-item elementor-gallery-item elementor-animated-content\" href=\"https:\/\/www.rodillosyelastomeros.mx\/tienda\/wp-content\/uploads\/2022\/09\/recubrimiento-4.jpg\" data-elementor-open-lightbox=\"yes\" data-elementor-lightbox-slideshow=\"bcfe533\" data-elementor-lightbox-title=\"recubrimiento-(4)\" data-e-action-hash=\"#elementor-action%3Aaction%3Dlightbox%26settings%3DeyJpZCI6MzE0NiwidXJsIjoiaHR0cHM6XC9cL3d3dy5yb2RpbGxvc3llbGFzdG9tZXJvcy5teFwvdGllbmRhXC93cC1jb250ZW50XC91cGxvYWRzXC8yMDIyXC8wOVwvcmVjdWJyaW1pZW50by00LmpwZyIsInNsaWRlc2hvdyI6ImJjZmU1MzMifQ%3D%3D\">\n\t\t\t\t\t<div class=\"e-gallery-image elementor-gallery-item__image\" data-thumbnail=\"https:\/\/www.rodillosyelastomeros.mx\/tienda\/wp-content\/uploads\/2022\/09\/recubrimiento-4-450x450.jpg\" data-width=\"450\" data-height=\"450\" aria-label=\"\" role=\"img\" ><\/div>\n\t\t\t\t\t\t\t\t\t\t\t<div class=\"elementor-gallery-item__overlay\"><\/div>\n\t\t\t\t\t\t\t\t\t\t\t\t\t\t<\/a>\n\t\t\t\t\t\t\t<a class=\"e-gallery-item elementor-gallery-item elementor-animated-content\" href=\"https:\/\/www.rodillosyelastomeros.mx\/tienda\/wp-content\/uploads\/2022\/09\/recubrimiento-5.jpg\" data-elementor-open-lightbox=\"yes\" data-elementor-lightbox-slideshow=\"bcfe533\" data-elementor-lightbox-title=\"recubrimiento-(5)\" data-e-action-hash=\"#elementor-action%3Aaction%3Dlightbox%26settings%3DeyJpZCI6MzE0NywidXJsIjoiaHR0cHM6XC9cL3d3dy5yb2RpbGxvc3llbGFzdG9tZXJvcy5teFwvdGllbmRhXC93cC1jb250ZW50XC91cGxvYWRzXC8yMDIyXC8wOVwvcmVjdWJyaW1pZW50by01LmpwZyIsInNsaWRlc2hvdyI6ImJjZmU1MzMifQ%3D%3D\">\n\t\t\t\t\t<div class=\"e-gallery-image elementor-gallery-item__image\" data-thumbnail=\"https:\/\/www.rodillosyelastomeros.mx\/tienda\/wp-content\/uploads\/2022\/09\/recubrimiento-5-450x400.jpg\" data-width=\"450\" data-height=\"400\" aria-label=\"\" role=\"img\" ><\/div>\n\t\t\t\t\t\t\t\t\t\t\t<div class=\"elementor-gallery-item__overlay\"><\/div>\n\t\t\t\t\t\t\t\t\t\t\t\t\t\t<\/a>\n\t\t\t\t\t\t\t<a class=\"e-gallery-item elementor-gallery-item elementor-animated-content\" href=\"https:\/\/www.rodillosyelastomeros.mx\/tienda\/wp-content\/uploads\/2022\/09\/recubrimiento-6.jpg\" data-elementor-open-lightbox=\"yes\" data-elementor-lightbox-slideshow=\"bcfe533\" data-elementor-lightbox-title=\"recubrimiento-(6)\" data-e-action-hash=\"#elementor-action%3Aaction%3Dlightbox%26settings%3DeyJpZCI6MzE0OCwidXJsIjoiaHR0cHM6XC9cL3d3dy5yb2RpbGxvc3llbGFzdG9tZXJvcy5teFwvdGllbmRhXC93cC1jb250ZW50XC91cGxvYWRzXC8yMDIyXC8wOVwvcmVjdWJyaW1pZW50by02LmpwZyIsInNsaWRlc2hvdyI6ImJjZmU1MzMifQ%3D%3D\">\n\t\t\t\t\t<div class=\"e-gallery-image elementor-gallery-item__image\" data-thumbnail=\"https:\/\/www.rodillosyelastomeros.mx\/tienda\/wp-content\/uploads\/2022\/09\/recubrimiento-6.jpg\" data-width=\"450\" data-height=\"450\" aria-label=\"\" role=\"img\" ><\/div>\n\t\t\t\t\t\t\t\t\t\t\t<div class=\"elementor-gallery-item__overlay\"><\/div>\n\t\t\t\t\t\t\t\t\t\t\t\t\t\t<\/a>\n\t\t\t\t\t\t\t<a class=\"e-gallery-item elementor-gallery-item elementor-animated-content\" href=\"https:\/\/www.rodillosyelastomeros.mx\/tienda\/wp-content\/uploads\/2022\/09\/recubrimiento-7.jpg\" data-elementor-open-lightbox=\"yes\" data-elementor-lightbox-slideshow=\"bcfe533\" data-elementor-lightbox-title=\"recubrimiento-(7)\" data-e-action-hash=\"#elementor-action%3Aaction%3Dlightbox%26settings%3DeyJpZCI6MzE0OSwidXJsIjoiaHR0cHM6XC9cL3d3dy5yb2RpbGxvc3llbGFzdG9tZXJvcy5teFwvdGllbmRhXC93cC1jb250ZW50XC91cGxvYWRzXC8yMDIyXC8wOVwvcmVjdWJyaW1pZW50by03LmpwZyIsInNsaWRlc2hvdyI6ImJjZmU1MzMifQ%3D%3D\">\n\t\t\t\t\t<div class=\"e-gallery-image elementor-gallery-item__image\" data-thumbnail=\"https:\/\/www.rodillosyelastomeros.mx\/tienda\/wp-content\/uploads\/2022\/09\/recubrimiento-7-450x450.jpg\" data-width=\"450\" data-height=\"450\" aria-label=\"\" role=\"img\" ><\/div>\n\t\t\t\t\t\t\t\t\t\t\t<div class=\"elementor-gallery-item__overlay\"><\/div>\n\t\t\t\t\t\t\t\t\t\t\t\t\t\t<\/a>\n\t\t\t\t\t\t\t<a class=\"e-gallery-item elementor-gallery-item elementor-animated-content\" href=\"https:\/\/www.rodillosyelastomeros.mx\/tienda\/wp-content\/uploads\/2022\/09\/recubrimiento-8.jpg\" data-elementor-open-lightbox=\"yes\" data-elementor-lightbox-slideshow=\"bcfe533\" data-elementor-lightbox-title=\"recubrimiento-(8)\" data-e-action-hash=\"#elementor-action%3Aaction%3Dlightbox%26settings%3DeyJpZCI6MzE1MCwidXJsIjoiaHR0cHM6XC9cL3d3dy5yb2RpbGxvc3llbGFzdG9tZXJvcy5teFwvdGllbmRhXC93cC1jb250ZW50XC91cGxvYWRzXC8yMDIyXC8wOVwvcmVjdWJyaW1pZW50by04LmpwZyIsInNsaWRlc2hvdyI6ImJjZmU1MzMifQ%3D%3D\">\n\t\t\t\t\t<div class=\"e-gallery-image elementor-gallery-item__image\" data-thumbnail=\"https:\/\/www.rodillosyelastomeros.mx\/tienda\/wp-content\/uploads\/2022\/09\/recubrimiento-8-450x450.jpg\" data-width=\"450\" data-height=\"450\" aria-label=\"\" role=\"img\" ><\/div>\n\t\t\t\t\t\t\t\t\t\t\t<div class=\"elementor-gallery-item__overlay\"><\/div>\n\t\t\t\t\t\t\t\t\t\t\t\t\t\t<\/a>\n\t\t\t\t\t\t\t<a class=\"e-gallery-item elementor-gallery-item elementor-animated-content\" href=\"https:\/\/www.rodillosyelastomeros.mx\/tienda\/wp-content\/uploads\/2022\/09\/recubrimiento-9.jpg\" data-elementor-open-lightbox=\"yes\" data-elementor-lightbox-slideshow=\"bcfe533\" data-elementor-lightbox-title=\"recubrimiento-(9)\" data-e-action-hash=\"#elementor-action%3Aaction%3Dlightbox%26settings%3DeyJpZCI6MzE1MSwidXJsIjoiaHR0cHM6XC9cL3d3dy5yb2RpbGxvc3llbGFzdG9tZXJvcy5teFwvdGllbmRhXC93cC1jb250ZW50XC91cGxvYWRzXC8yMDIyXC8wOVwvcmVjdWJyaW1pZW50by05LmpwZyIsInNsaWRlc2hvdyI6ImJjZmU1MzMifQ%3D%3D\">\n\t\t\t\t\t<div class=\"e-gallery-image elementor-gallery-item__image\" data-thumbnail=\"https:\/\/www.rodillosyelastomeros.mx\/tienda\/wp-content\/uploads\/2022\/09\/recubrimiento-9-450x444.jpg\" data-width=\"450\" data-height=\"444\" aria-label=\"\" role=\"img\" ><\/div>\n\t\t\t\t\t\t\t\t\t\t\t<div class=\"elementor-gallery-item__overlay\"><\/div>\n\t\t\t\t\t\t\t\t\t\t\t\t\t\t<\/a>\n\t\t\t\t\t\t\t<a class=\"e-gallery-item elementor-gallery-item elementor-animated-content\" href=\"https:\/\/www.rodillosyelastomeros.mx\/tienda\/wp-content\/uploads\/2022\/09\/recubrimiento-10.jpg\" data-elementor-open-lightbox=\"yes\" data-elementor-lightbox-slideshow=\"bcfe533\" data-elementor-lightbox-title=\"recubrimiento-(10)\" data-e-action-hash=\"#elementor-action%3Aaction%3Dlightbox%26settings%3DeyJpZCI6MzE1MiwidXJsIjoiaHR0cHM6XC9cL3d3dy5yb2RpbGxvc3llbGFzdG9tZXJvcy5teFwvdGllbmRhXC93cC1jb250ZW50XC91cGxvYWRzXC8yMDIyXC8wOVwvcmVjdWJyaW1pZW50by0xMC5qcGciLCJzbGlkZXNob3ciOiJiY2ZlNTMzIn0%3D\">\n\t\t\t\t\t<div class=\"e-gallery-image elementor-gallery-item__image\" data-thumbnail=\"https:\/\/www.rodillosyelastomeros.mx\/tienda\/wp-content\/uploads\/2022\/09\/recubrimiento-10-450x450.jpg\" data-width=\"450\" data-height=\"450\" aria-label=\"\" role=\"img\" ><\/div>\n\t\t\t\t\t\t\t\t\t\t\t<div class=\"elementor-gallery-item__overlay\"><\/div>\n\t\t\t\t\t\t\t\t\t\t\t\t\t\t<\/a>\n\t\t\t\t\t<\/div>\n\t\t\t\t\t<\/div>\n\t\t\t\t<\/div>\n\t\t\t\t\t<\/div>\n\t\t<\/div>\n\t\t\t\t\t<\/div>\n\t\t<\/section>\n\t\t\t\t\t<\/div>\n\t\t<\/div>\n\t\t\t\t\t<\/div>\n\t\t<\/section>\n\t\t\t\t<\/div>\n\t\t","protected":false},"excerpt":{"rendered":"<p>Recubrimiento de Rodillos En Rodillos y Elast\u00f3meros Concesionados de M\u00e9xico contamos con el servicio de recubrimiento de rodillos en cualquier elast\u00f3mero Poliuretano Hypanol EPDM Silicon Neopreno Nitrilo Entre algunas formulaciones especiales para esos procesos productivos que requieren un elast\u00f3mero desarrollado especialmente para un trabajo optimo hasta 6 metros de largo por un metro de di\u00e1metro<\/p>\n<div class=\"klb-readmore entry-button\"><a class=\"btn read-more\" href=\"https:\/\/www.rodillosyelastomeros.mx\/tienda\/recubrimiento-de-rodillos\/\">Read More<\/a><\/div>\n","protected":false},"author":1,"featured_media":0,"parent":0,"menu_order":0,"comment_status":"closed","ping_status":"closed","template":"","meta":{"_joinchat":[],"footnotes":""},"class_list":["post-2637","page","type-page","status-publish","hentry"],"_links":{"self":[{"href":"https:\/\/www.rodillosyelastomeros.mx\/tienda\/wp-json\/wp\/v2\/pages\/2637","targetHints":{"allow":["GET"]}}],"collection":[{"href":"https:\/\/www.rodillosyelastomeros.mx\/tienda\/wp-json\/wp\/v2\/pages"}],"about":[{"href":"https:\/\/www.rodillosyelastomeros.mx\/tienda\/wp-json\/wp\/v2\/types\/page"}],"author":[{"embeddable":true,"href":"https:\/\/www.rodillosyelastomeros.mx\/tienda\/wp-json\/wp\/v2\/users\/1"}],"replies":[{"embeddable":true,"href":"https:\/\/www.rodillosyelastomeros.mx\/tienda\/wp-json\/wp\/v2\/comments?post=2637"}],"version-history":[{"count":25,"href":"https:\/\/www.rodillosyelastomeros.mx\/tienda\/wp-json\/wp\/v2\/pages\/2637\/revisions"}],"predecessor-version":[{"id":3155,"href":"https:\/\/www.rodillosyelastomeros.mx\/tienda\/wp-json\/wp\/v2\/pages\/2637\/revisions\/3155"}],"wp:attachment":[{"href":"https:\/\/www.rodillosyelastomeros.mx\/tienda\/wp-json\/wp\/v2\/media?parent=2637"}],"curies":[{"name":"wp","href":"https:\/\/api.w.org\/{rel}","templated":true}]}}