{"id":2639,"date":"2022-08-20T19:46:43","date_gmt":"2022-08-20T19:46:43","guid":{"rendered":"https:\/\/www.rodillosyelastomeros.mx\/tienda\/?page_id=2639"},"modified":"2024-02-09T18:31:16","modified_gmt":"2024-02-09T18:31:16","slug":"rectificado-de-rodillos","status":"publish","type":"page","link":"https:\/\/www.rodillosyelastomeros.mx\/tienda\/rectificado-de-rodillos\/","title":{"rendered":"Rectificado de Rodillos"},"content":{"rendered":"\t\t<div data-elementor-type=\"wp-page\" data-elementor-id=\"2639\" class=\"elementor elementor-2639\" data-elementor-post-type=\"page\">\n\t\t\t\t\t\t<section class=\"elementor-section elementor-top-section elementor-element elementor-element-5e37102 elementor-section-boxed elementor-section-height-default elementor-section-height-default\" data-id=\"5e37102\" data-element_type=\"section\" data-e-type=\"section\">\n\t\t\t\t\t\t<div class=\"elementor-container elementor-column-gap-default\">\n\t\t\t\t\t<div class=\"elementor-column elementor-col-100 elementor-top-column elementor-element elementor-element-ede39dc\" data-id=\"ede39dc\" data-element_type=\"column\" data-e-type=\"column\">\n\t\t\t<div class=\"elementor-widget-wrap elementor-element-populated\">\n\t\t\t\t\t\t<div class=\"elementor-element elementor-element-0587476 elementor-widget elementor-widget-spacer\" data-id=\"0587476\" data-element_type=\"widget\" data-e-type=\"widget\" data-widget_type=\"spacer.default\">\n\t\t\t\t<div class=\"elementor-widget-container\">\n\t\t\t\t\t\t\t<div class=\"elementor-spacer\">\n\t\t\t<div class=\"elementor-spacer-inner\"><\/div>\n\t\t<\/div>\n\t\t\t\t\t\t<\/div>\n\t\t\t\t<\/div>\n\t\t\t\t<div class=\"elementor-element elementor-element-ee38163 elementor-widget elementor-widget-heading\" data-id=\"ee38163\" data-element_type=\"widget\" data-e-type=\"widget\" data-widget_type=\"heading.default\">\n\t\t\t\t<div class=\"elementor-widget-container\">\n\t\t\t\t\t<h2 class=\"elementor-heading-title elementor-size-default\">Rectificado de Rodillos<\/h2>\t\t\t\t<\/div>\n\t\t\t\t<\/div>\n\t\t\t\t<div class=\"elementor-element elementor-element-0c88488 elementor-widget elementor-widget-text-editor\" data-id=\"0c88488\" data-element_type=\"widget\" data-e-type=\"widget\" data-widget_type=\"text-editor.default\">\n\t\t\t\t<div class=\"elementor-widget-container\">\n\t\t\t\t\t\t\t\t\t<p>En Rodillos y Elast\u00f3meros concesionados de M\u00e9xico contamos con el servicio de rectificado de rodillos<\/p><h3><span style=\"color: #ff0000;\">Contamos con variedad de acabados<\/span><\/h3>\t\t\t\t\t\t\t\t<\/div>\n\t\t\t\t<\/div>\n\t\t\t\t\t<\/div>\n\t\t<\/div>\n\t\t\t\t\t<\/div>\n\t\t<\/section>\n\t\t\t\t<section class=\"elementor-section elementor-top-section elementor-element elementor-element-349239d elementor-section-boxed elementor-section-height-default elementor-section-height-default\" data-id=\"349239d\" data-element_type=\"section\" data-e-type=\"section\">\n\t\t\t\t\t\t<div class=\"elementor-container elementor-column-gap-default\">\n\t\t\t\t\t<div class=\"elementor-column elementor-col-33 elementor-top-column elementor-element elementor-element-a94fe8a\" data-id=\"a94fe8a\" data-element_type=\"column\" data-e-type=\"column\">\n\t\t\t<div class=\"elementor-widget-wrap elementor-element-populated\">\n\t\t\t\t\t\t<div class=\"elementor-element elementor-element-37ff108 elementor-widget elementor-widget-image\" data-id=\"37ff108\" data-element_type=\"widget\" data-e-type=\"widget\" data-widget_type=\"image.default\">\n\t\t\t\t<div class=\"elementor-widget-container\">\n\t\t\t\t\t\t\t\t\t\t\t\t\t\t\t<img fetchpriority=\"high\" decoding=\"async\" width=\"600\" height=\"200\" src=\"https:\/\/www.rodillosyelastomeros.mx\/tienda\/wp-content\/uploads\/2022\/08\/convexo.png\" class=\"attachment-large size-large wp-image-2850\" alt=\"\" srcset=\"https:\/\/www.rodillosyelastomeros.mx\/tienda\/wp-content\/uploads\/2022\/08\/convexo.png 600w, https:\/\/www.rodillosyelastomeros.mx\/tienda\/wp-content\/uploads\/2022\/08\/convexo-300x100.png 300w, https:\/\/www.rodillosyelastomeros.mx\/tienda\/wp-content\/uploads\/2022\/08\/convexo-90x30.png 90w, https:\/\/www.rodillosyelastomeros.mx\/tienda\/wp-content\/uploads\/2022\/08\/convexo-64x21.png 64w\" sizes=\"(max-width: 600px) 100vw, 600px\" \/>\t\t\t\t\t\t\t\t\t\t\t\t\t\t\t<\/div>\n\t\t\t\t<\/div>\n\t\t\t\t<div class=\"elementor-element elementor-element-fc1b5f8 elementor-widget elementor-widget-image\" data-id=\"fc1b5f8\" data-element_type=\"widget\" data-e-type=\"widget\" data-widget_type=\"image.default\">\n\t\t\t\t<div class=\"elementor-widget-container\">\n\t\t\t\t\t\t\t\t\t\t\t\t\t\t\t<img decoding=\"async\" width=\"600\" height=\"200\" src=\"https:\/\/www.rodillosyelastomeros.mx\/tienda\/wp-content\/uploads\/2022\/08\/recto.png\" class=\"attachment-large size-large wp-image-2852\" alt=\"\" srcset=\"https:\/\/www.rodillosyelastomeros.mx\/tienda\/wp-content\/uploads\/2022\/08\/recto.png 600w, https:\/\/www.rodillosyelastomeros.mx\/tienda\/wp-content\/uploads\/2022\/08\/recto-300x100.png 300w, https:\/\/www.rodillosyelastomeros.mx\/tienda\/wp-content\/uploads\/2022\/08\/recto-90x30.png 90w, https:\/\/www.rodillosyelastomeros.mx\/tienda\/wp-content\/uploads\/2022\/08\/recto-64x21.png 64w\" sizes=\"(max-width: 600px) 100vw, 600px\" \/>\t\t\t\t\t\t\t\t\t\t\t\t\t\t\t<\/div>\n\t\t\t\t<\/div>\n\t\t\t\t\t<\/div>\n\t\t<\/div>\n\t\t\t\t<div class=\"elementor-column elementor-col-33 elementor-top-column elementor-element elementor-element-946da3c\" data-id=\"946da3c\" data-element_type=\"column\" data-e-type=\"column\">\n\t\t\t<div class=\"elementor-widget-wrap elementor-element-populated\">\n\t\t\t\t\t\t<div class=\"elementor-element elementor-element-02426e5 elementor-widget elementor-widget-image\" data-id=\"02426e5\" data-element_type=\"widget\" data-e-type=\"widget\" data-widget_type=\"image.default\">\n\t\t\t\t<div class=\"elementor-widget-container\">\n\t\t\t\t\t\t\t\t\t\t\t\t\t\t\t<img decoding=\"async\" width=\"600\" height=\"200\" src=\"https:\/\/www.rodillosyelastomeros.mx\/tienda\/wp-content\/uploads\/2022\/08\/concavo.png\" class=\"attachment-large size-large wp-image-2847\" alt=\"\" srcset=\"https:\/\/www.rodillosyelastomeros.mx\/tienda\/wp-content\/uploads\/2022\/08\/concavo.png 600w, https:\/\/www.rodillosyelastomeros.mx\/tienda\/wp-content\/uploads\/2022\/08\/concavo-300x100.png 300w, https:\/\/www.rodillosyelastomeros.mx\/tienda\/wp-content\/uploads\/2022\/08\/concavo-90x30.png 90w, https:\/\/www.rodillosyelastomeros.mx\/tienda\/wp-content\/uploads\/2022\/08\/concavo-64x21.png 64w\" sizes=\"(max-width: 600px) 100vw, 600px\" \/>\t\t\t\t\t\t\t\t\t\t\t\t\t\t\t<\/div>\n\t\t\t\t<\/div>\n\t\t\t\t<div class=\"elementor-element elementor-element-d08a5c0 elementor-widget elementor-widget-image\" data-id=\"d08a5c0\" data-element_type=\"widget\" data-e-type=\"widget\" data-widget_type=\"image.default\">\n\t\t\t\t<div class=\"elementor-widget-container\">\n\t\t\t\t\t\t\t\t\t\t\t\t\t\t\t<img loading=\"lazy\" decoding=\"async\" width=\"600\" height=\"200\" src=\"https:\/\/www.rodillosyelastomeros.mx\/tienda\/wp-content\/uploads\/2022\/08\/conico-exterior.png\" class=\"attachment-large size-large wp-image-2849\" alt=\"\" srcset=\"https:\/\/www.rodillosyelastomeros.mx\/tienda\/wp-content\/uploads\/2022\/08\/conico-exterior.png 600w, https:\/\/www.rodillosyelastomeros.mx\/tienda\/wp-content\/uploads\/2022\/08\/conico-exterior-300x100.png 300w, https:\/\/www.rodillosyelastomeros.mx\/tienda\/wp-content\/uploads\/2022\/08\/conico-exterior-90x30.png 90w, https:\/\/www.rodillosyelastomeros.mx\/tienda\/wp-content\/uploads\/2022\/08\/conico-exterior-64x21.png 64w\" sizes=\"(max-width: 600px) 100vw, 600px\" \/>\t\t\t\t\t\t\t\t\t\t\t\t\t\t\t<\/div>\n\t\t\t\t<\/div>\n\t\t\t\t\t<\/div>\n\t\t<\/div>\n\t\t\t\t<div class=\"elementor-column elementor-col-33 elementor-top-column elementor-element elementor-element-f1dabc7\" data-id=\"f1dabc7\" data-element_type=\"column\" data-e-type=\"column\">\n\t\t\t<div class=\"elementor-widget-wrap elementor-element-populated\">\n\t\t\t\t\t\t<div class=\"elementor-element elementor-element-973563f elementor-widget elementor-widget-image\" data-id=\"973563f\" data-element_type=\"widget\" data-e-type=\"widget\" data-widget_type=\"image.default\">\n\t\t\t\t<div class=\"elementor-widget-container\">\n\t\t\t\t\t\t\t\t\t\t\t\t\t\t\t<img loading=\"lazy\" decoding=\"async\" width=\"600\" height=\"200\" src=\"https:\/\/www.rodillosyelastomeros.mx\/tienda\/wp-content\/uploads\/2022\/08\/conico.png\" class=\"attachment-large size-large wp-image-2848\" alt=\"\" srcset=\"https:\/\/www.rodillosyelastomeros.mx\/tienda\/wp-content\/uploads\/2022\/08\/conico.png 600w, https:\/\/www.rodillosyelastomeros.mx\/tienda\/wp-content\/uploads\/2022\/08\/conico-300x100.png 300w, https:\/\/www.rodillosyelastomeros.mx\/tienda\/wp-content\/uploads\/2022\/08\/conico-90x30.png 90w, https:\/\/www.rodillosyelastomeros.mx\/tienda\/wp-content\/uploads\/2022\/08\/conico-64x21.png 64w\" sizes=\"(max-width: 600px) 100vw, 600px\" \/>\t\t\t\t\t\t\t\t\t\t\t\t\t\t\t<\/div>\n\t\t\t\t<\/div>\n\t\t\t\t<div class=\"elementor-element elementor-element-23f0b1a elementor-widget elementor-widget-image\" data-id=\"23f0b1a\" data-element_type=\"widget\" data-e-type=\"widget\" data-widget_type=\"image.default\">\n\t\t\t\t<div class=\"elementor-widget-container\">\n\t\t\t\t\t\t\t\t\t\t\t\t\t\t\t<img loading=\"lazy\" decoding=\"async\" width=\"600\" height=\"200\" src=\"https:\/\/www.rodillosyelastomeros.mx\/tienda\/wp-content\/uploads\/2022\/08\/doble-cono.png\" class=\"attachment-large size-large wp-image-2851\" alt=\"\" srcset=\"https:\/\/www.rodillosyelastomeros.mx\/tienda\/wp-content\/uploads\/2022\/08\/doble-cono.png 600w, https:\/\/www.rodillosyelastomeros.mx\/tienda\/wp-content\/uploads\/2022\/08\/doble-cono-300x100.png 300w, https:\/\/www.rodillosyelastomeros.mx\/tienda\/wp-content\/uploads\/2022\/08\/doble-cono-90x30.png 90w, https:\/\/www.rodillosyelastomeros.mx\/tienda\/wp-content\/uploads\/2022\/08\/doble-cono-64x21.png 64w\" sizes=\"(max-width: 600px) 100vw, 600px\" \/>\t\t\t\t\t\t\t\t\t\t\t\t\t\t\t<\/div>\n\t\t\t\t<\/div>\n\t\t\t\t\t<\/div>\n\t\t<\/div>\n\t\t\t\t\t<\/div>\n\t\t<\/section>\n\t\t\t\t<section class=\"elementor-section elementor-top-section elementor-element elementor-element-737a111 elementor-section-boxed elementor-section-height-default elementor-section-height-default\" data-id=\"737a111\" data-element_type=\"section\" data-e-type=\"section\">\n\t\t\t\t\t\t<div class=\"elementor-container elementor-column-gap-default\">\n\t\t\t\t\t<div class=\"elementor-column elementor-col-100 elementor-top-column elementor-element elementor-element-5080f2a\" data-id=\"5080f2a\" data-element_type=\"column\" data-e-type=\"column\">\n\t\t\t<div class=\"elementor-widget-wrap elementor-element-populated\">\n\t\t\t\t\t\t<div class=\"elementor-element elementor-element-3fc983c elementor-widget elementor-widget-text-editor\" data-id=\"3fc983c\" data-element_type=\"widget\" data-e-type=\"widget\" data-widget_type=\"text-editor.default\">\n\t\t\t\t<div class=\"elementor-widget-container\">\n\t\t\t\t\t\t\t\t\t<h3><span style=\"color: #ff0000;\">Contamos con variedad de dibujos<\/span><\/h3>\t\t\t\t\t\t\t\t<\/div>\n\t\t\t\t<\/div>\n\t\t\t\t<div class=\"elementor-element elementor-element-09e5390 elementor-widget elementor-widget-text-editor\" data-id=\"09e5390\" data-element_type=\"widget\" data-e-type=\"widget\" data-widget_type=\"text-editor.default\">\n\t\t\t\t<div class=\"elementor-widget-container\">\n\t\t\t\t\t\t\t\t\t<p>Nosotros recogemos Nosotros te lo llevamos<br \/>Limitado a Ciudad de M\u00e9xico y \u00e1rea metropolitana, for\u00e1neo o resto de M\u00e9xico a convenir<\/p>\t\t\t\t\t\t\t\t<\/div>\n\t\t\t\t<\/div>\n\t\t\t\t<section class=\"elementor-section elementor-inner-section elementor-element elementor-element-734a046 elementor-section-boxed elementor-section-height-default elementor-section-height-default\" data-id=\"734a046\" data-element_type=\"section\" data-e-type=\"section\">\n\t\t\t\t\t\t<div class=\"elementor-container elementor-column-gap-default\">\n\t\t\t\t\t<div class=\"elementor-column elementor-col-50 elementor-inner-column elementor-element elementor-element-f994798\" data-id=\"f994798\" data-element_type=\"column\" data-e-type=\"column\">\n\t\t\t<div class=\"elementor-widget-wrap\">\n\t\t\t\t\t\t\t<\/div>\n\t\t<\/div>\n\t\t\t\t<div class=\"elementor-column elementor-col-50 elementor-inner-column elementor-element elementor-element-6de5de0\" data-id=\"6de5de0\" data-element_type=\"column\" data-e-type=\"column\">\n\t\t\t<div class=\"elementor-widget-wrap elementor-element-populated\">\n\t\t\t\t\t\t<div class=\"elementor-element elementor-element-eb7ac91 elementor-widget elementor-widget-gallery\" data-id=\"eb7ac91\" data-element_type=\"widget\" data-e-type=\"widget\" data-settings=\"{&quot;columns&quot;:1,&quot;lazyload&quot;:&quot;yes&quot;,&quot;gallery_layout&quot;:&quot;grid&quot;,&quot;columns_tablet&quot;:2,&quot;columns_mobile&quot;:1,&quot;gap&quot;:{&quot;unit&quot;:&quot;px&quot;,&quot;size&quot;:10,&quot;sizes&quot;:[]},&quot;gap_tablet&quot;:{&quot;unit&quot;:&quot;px&quot;,&quot;size&quot;:10,&quot;sizes&quot;:[]},&quot;gap_mobile&quot;:{&quot;unit&quot;:&quot;px&quot;,&quot;size&quot;:10,&quot;sizes&quot;:[]},&quot;link_to&quot;:&quot;file&quot;,&quot;aspect_ratio&quot;:&quot;3:2&quot;,&quot;overlay_background&quot;:&quot;yes&quot;,&quot;content_hover_animation&quot;:&quot;fade-in&quot;}\" data-widget_type=\"gallery.default\">\n\t\t\t\t<div class=\"elementor-widget-container\">\n\t\t\t\t\t\t\t<div class=\"elementor-gallery__container\">\n\t\t\t\t\t\t\t<a class=\"e-gallery-item elementor-gallery-item elementor-animated-content\" href=\"https:\/\/www.rodillosyelastomeros.mx\/tienda\/wp-content\/uploads\/2022\/09\/rectificados-1.jpg\" data-elementor-open-lightbox=\"yes\" data-elementor-lightbox-slideshow=\"eb7ac91\" data-elementor-lightbox-title=\"rectificados-1\" data-e-action-hash=\"#elementor-action%3Aaction%3Dlightbox%26settings%3DeyJpZCI6MzE1NiwidXJsIjoiaHR0cHM6XC9cL3d3dy5yb2RpbGxvc3llbGFzdG9tZXJvcy5teFwvdGllbmRhXC93cC1jb250ZW50XC91cGxvYWRzXC8yMDIyXC8wOVwvcmVjdGlmaWNhZG9zLTEuanBnIiwic2xpZGVzaG93IjoiZWI3YWM5MSJ9\">\n\t\t\t\t\t<div class=\"e-gallery-image elementor-gallery-item__image\" data-thumbnail=\"https:\/\/www.rodillosyelastomeros.mx\/tienda\/wp-content\/uploads\/elementor\/thumbs\/rectificados-1-pv96qbmoz4kyembo88ivztw0u3dtcxwk7nfw11skts.jpg\" data-width=\"600\" data-height=\"600\" aria-label=\"\" role=\"img\" ><\/div>\n\t\t\t\t\t\t\t\t\t\t\t<div class=\"elementor-gallery-item__overlay\"><\/div>\n\t\t\t\t\t\t\t\t\t\t\t\t\t\t<\/a>\n\t\t\t\t\t\t\t<a class=\"e-gallery-item elementor-gallery-item elementor-animated-content\" href=\"https:\/\/www.rodillosyelastomeros.mx\/tienda\/wp-content\/uploads\/2022\/09\/rectificados-2.jpg\" data-elementor-open-lightbox=\"yes\" data-elementor-lightbox-slideshow=\"eb7ac91\" data-elementor-lightbox-title=\"rectificados-2\" data-e-action-hash=\"#elementor-action%3Aaction%3Dlightbox%26settings%3DeyJpZCI6MzE1NywidXJsIjoiaHR0cHM6XC9cL3d3dy5yb2RpbGxvc3llbGFzdG9tZXJvcy5teFwvdGllbmRhXC93cC1jb250ZW50XC91cGxvYWRzXC8yMDIyXC8wOVwvcmVjdGlmaWNhZG9zLTIuanBnIiwic2xpZGVzaG93IjoiZWI3YWM5MSJ9\">\n\t\t\t\t\t<div class=\"e-gallery-image elementor-gallery-item__image\" data-thumbnail=\"https:\/\/www.rodillosyelastomeros.mx\/tienda\/wp-content\/uploads\/elementor\/thumbs\/rectificados-2-pv96qfe1qgq3p267ma5e9sxv7mva7qbhk61ty5n04w.jpg\" data-width=\"600\" data-height=\"600\" aria-label=\"\" role=\"img\" ><\/div>\n\t\t\t\t\t\t\t\t\t\t\t<div class=\"elementor-gallery-item__overlay\"><\/div>\n\t\t\t\t\t\t\t\t\t\t\t\t\t\t<\/a>\n\t\t\t\t\t<\/div>\n\t\t\t\t\t<\/div>\n\t\t\t\t<\/div>\n\t\t\t\t\t<\/div>\n\t\t<\/div>\n\t\t\t\t\t<\/div>\n\t\t<\/section>\n\t\t\t\t\t<\/div>\n\t\t<\/div>\n\t\t\t\t\t<\/div>\n\t\t<\/section>\n\t\t\t\t<\/div>\n\t\t","protected":false},"excerpt":{"rendered":"<p>Rectificado de Rodillos En Rodillos y Elast\u00f3meros concesionados de M\u00e9xico contamos con el servicio de rectificado de rodillos Contamos con variedad de acabados Contamos con variedad de dibujos Rodillos y Elast\u00f3meros Concesionados de M\u00e9xico RECTIFICADOS URGENTES Ll\u00e1manos 55 5293 9811 WHATSAPP Nosotros recogemos Nosotros te lo llevamosLimitado a Ciudad de M\u00e9xico y \u00e1rea metropolitana, for\u00e1neo<\/p>\n<div class=\"klb-readmore entry-button\"><a class=\"btn read-more\" href=\"https:\/\/www.rodillosyelastomeros.mx\/tienda\/rectificado-de-rodillos\/\">Read More<\/a><\/div>\n","protected":false},"author":1,"featured_media":0,"parent":0,"menu_order":0,"comment_status":"closed","ping_status":"closed","template":"","meta":{"_joinchat":[],"footnotes":""},"class_list":["post-2639","page","type-page","status-publish","hentry"],"_links":{"self":[{"href":"https:\/\/www.rodillosyelastomeros.mx\/tienda\/wp-json\/wp\/v2\/pages\/2639","targetHints":{"allow":["GET"]}}],"collection":[{"href":"https:\/\/www.rodillosyelastomeros.mx\/tienda\/wp-json\/wp\/v2\/pages"}],"about":[{"href":"https:\/\/www.rodillosyelastomeros.mx\/tienda\/wp-json\/wp\/v2\/types\/page"}],"author":[{"embeddable":true,"href":"https:\/\/www.rodillosyelastomeros.mx\/tienda\/wp-json\/wp\/v2\/users\/1"}],"replies":[{"embeddable":true,"href":"https:\/\/www.rodillosyelastomeros.mx\/tienda\/wp-json\/wp\/v2\/comments?post=2639"}],"version-history":[{"count":42,"href":"https:\/\/www.rodillosyelastomeros.mx\/tienda\/wp-json\/wp\/v2\/pages\/2639\/revisions"}],"predecessor-version":[{"id":3267,"href":"https:\/\/www.rodillosyelastomeros.mx\/tienda\/wp-json\/wp\/v2\/pages\/2639\/revisions\/3267"}],"wp:attachment":[{"href":"https:\/\/www.rodillosyelastomeros.mx\/tienda\/wp-json\/wp\/v2\/media?parent=2639"}],"curies":[{"name":"wp","href":"https:\/\/api.w.org\/{rel}","templated":true}]}}