{"id":2641,"date":"2022-08-20T19:47:31","date_gmt":"2022-08-20T19:47:31","guid":{"rendered":"https:\/\/www.rodillosyelastomeros.mx\/tienda\/?page_id=2641"},"modified":"2022-09-24T22:43:51","modified_gmt":"2022-09-24T22:43:51","slug":"mangas","status":"publish","type":"page","link":"https:\/\/www.rodillosyelastomeros.mx\/tienda\/mangas\/","title":{"rendered":"Mangas"},"content":{"rendered":"\t\t<div data-elementor-type=\"wp-page\" data-elementor-id=\"2641\" class=\"elementor elementor-2641\" data-elementor-post-type=\"page\">\n\t\t\t\t\t\t<section class=\"elementor-section elementor-top-section elementor-element elementor-element-0e9a11b elementor-section-boxed elementor-section-height-default elementor-section-height-default\" data-id=\"0e9a11b\" data-element_type=\"section\" data-e-type=\"section\">\n\t\t\t\t\t\t<div class=\"elementor-container elementor-column-gap-default\">\n\t\t\t\t\t<div class=\"elementor-column elementor-col-100 elementor-top-column elementor-element elementor-element-27d3f00\" data-id=\"27d3f00\" data-element_type=\"column\" data-e-type=\"column\">\n\t\t\t<div class=\"elementor-widget-wrap elementor-element-populated\">\n\t\t\t\t\t\t<div class=\"elementor-element elementor-element-c3d3b00 elementor-widget elementor-widget-spacer\" data-id=\"c3d3b00\" data-element_type=\"widget\" data-e-type=\"widget\" data-widget_type=\"spacer.default\">\n\t\t\t\t<div class=\"elementor-widget-container\">\n\t\t\t\t\t\t\t<div class=\"elementor-spacer\">\n\t\t\t<div class=\"elementor-spacer-inner\"><\/div>\n\t\t<\/div>\n\t\t\t\t\t\t<\/div>\n\t\t\t\t<\/div>\n\t\t\t\t<div class=\"elementor-element elementor-element-ed9f34c elementor-widget elementor-widget-heading\" data-id=\"ed9f34c\" data-element_type=\"widget\" data-e-type=\"widget\" data-widget_type=\"heading.default\">\n\t\t\t\t<div class=\"elementor-widget-container\">\n\t\t\t\t\t<h2 class=\"elementor-heading-title elementor-size-default\">MANGAS<\/h2>\t\t\t\t<\/div>\n\t\t\t\t<\/div>\n\t\t\t\t<div class=\"elementor-element elementor-element-199ab7e elementor-widget elementor-widget-text-editor\" data-id=\"199ab7e\" data-element_type=\"widget\" data-e-type=\"widget\" data-widget_type=\"text-editor.default\">\n\t\t\t\t<div class=\"elementor-widget-container\">\n\t\t\t\t\t\t\t\t\t<p>En Rodillos y Elast\u00f3meros concesionados de M\u00e9xico tenemos la experiencia y conocimiento en el campo de las Mangas Flexogr\u00e1ficas, Laminadoras y Porta clich\u00e9. Soluciones principalmente para la industria del empaque flexible.<\/p><p><strong>Fabricaci\u00f3n de mangas de base Neum\u00e1tica<\/strong><\/p><p><strong>Recubrimos tus mangas actuales, No las tires pueden quedar como nuevas<\/strong><\/p><p><strong>Rectificado de Mangas<\/strong><\/p>\t\t\t\t\t\t\t\t<\/div>\n\t\t\t\t<\/div>\n\t\t\t\t<section class=\"elementor-section elementor-inner-section elementor-element elementor-element-2c60549 elementor-section-boxed elementor-section-height-default elementor-section-height-default\" data-id=\"2c60549\" data-element_type=\"section\" data-e-type=\"section\">\n\t\t\t\t\t\t<div class=\"elementor-container elementor-column-gap-default\">\n\t\t\t\t\t<div class=\"elementor-column elementor-col-50 elementor-inner-column elementor-element elementor-element-677d986\" data-id=\"677d986\" data-element_type=\"column\" data-e-type=\"column\">\n\t\t\t<div class=\"elementor-widget-wrap\">\n\t\t\t\t\t\t\t<\/div>\n\t\t<\/div>\n\t\t\t\t<div class=\"elementor-column elementor-col-50 elementor-inner-column elementor-element elementor-element-052a63e\" data-id=\"052a63e\" data-element_type=\"column\" data-e-type=\"column\">\n\t\t\t<div class=\"elementor-widget-wrap elementor-element-populated\">\n\t\t\t\t\t\t<div class=\"elementor-element elementor-element-776aa64 elementor-widget elementor-widget-gallery\" data-id=\"776aa64\" data-element_type=\"widget\" data-e-type=\"widget\" data-settings=\"{&quot;columns&quot;:2,&quot;lazyload&quot;:&quot;yes&quot;,&quot;gallery_layout&quot;:&quot;grid&quot;,&quot;columns_tablet&quot;:2,&quot;columns_mobile&quot;:1,&quot;gap&quot;:{&quot;unit&quot;:&quot;px&quot;,&quot;size&quot;:10,&quot;sizes&quot;:[]},&quot;gap_tablet&quot;:{&quot;unit&quot;:&quot;px&quot;,&quot;size&quot;:10,&quot;sizes&quot;:[]},&quot;gap_mobile&quot;:{&quot;unit&quot;:&quot;px&quot;,&quot;size&quot;:10,&quot;sizes&quot;:[]},&quot;link_to&quot;:&quot;file&quot;,&quot;aspect_ratio&quot;:&quot;3:2&quot;,&quot;overlay_background&quot;:&quot;yes&quot;,&quot;content_hover_animation&quot;:&quot;fade-in&quot;}\" data-widget_type=\"gallery.default\">\n\t\t\t\t<div class=\"elementor-widget-container\">\n\t\t\t\t\t\t\t<div class=\"elementor-gallery__container\">\n\t\t\t\t\t\t\t<a class=\"e-gallery-item elementor-gallery-item elementor-animated-content\" href=\"https:\/\/www.rodillosyelastomeros.mx\/tienda\/wp-content\/uploads\/2022\/09\/manga-1.jpg\" data-elementor-open-lightbox=\"yes\" data-elementor-lightbox-slideshow=\"776aa64\" data-elementor-lightbox-title=\"manga-1\" data-e-action-hash=\"#elementor-action%3Aaction%3Dlightbox%26settings%3DeyJpZCI6MzE2MSwidXJsIjoiaHR0cHM6XC9cL3d3dy5yb2RpbGxvc3llbGFzdG9tZXJvcy5teFwvdGllbmRhXC93cC1jb250ZW50XC91cGxvYWRzXC8yMDIyXC8wOVwvbWFuZ2EtMS5qcGciLCJzbGlkZXNob3ciOiI3NzZhYTY0In0%3D\">\n\t\t\t\t\t<div class=\"e-gallery-image elementor-gallery-item__image\" data-thumbnail=\"https:\/\/www.rodillosyelastomeros.mx\/tienda\/wp-content\/uploads\/2022\/09\/manga-1-300x300.jpg\" data-width=\"300\" data-height=\"300\" aria-label=\"\" role=\"img\" ><\/div>\n\t\t\t\t\t\t\t\t\t\t\t<div class=\"elementor-gallery-item__overlay\"><\/div>\n\t\t\t\t\t\t\t\t\t\t\t\t\t\t<\/a>\n\t\t\t\t\t\t\t<a class=\"e-gallery-item elementor-gallery-item elementor-animated-content\" href=\"https:\/\/www.rodillosyelastomeros.mx\/tienda\/wp-content\/uploads\/2022\/09\/manga-2.jpg\" data-elementor-open-lightbox=\"yes\" data-elementor-lightbox-slideshow=\"776aa64\" data-elementor-lightbox-title=\"manga-2\" data-e-action-hash=\"#elementor-action%3Aaction%3Dlightbox%26settings%3DeyJpZCI6MzE2MiwidXJsIjoiaHR0cHM6XC9cL3d3dy5yb2RpbGxvc3llbGFzdG9tZXJvcy5teFwvdGllbmRhXC93cC1jb250ZW50XC91cGxvYWRzXC8yMDIyXC8wOVwvbWFuZ2EtMi5qcGciLCJzbGlkZXNob3ciOiI3NzZhYTY0In0%3D\">\n\t\t\t\t\t<div class=\"e-gallery-image elementor-gallery-item__image\" data-thumbnail=\"https:\/\/www.rodillosyelastomeros.mx\/tienda\/wp-content\/uploads\/2022\/09\/manga-2-300x225.jpg\" data-width=\"300\" data-height=\"225\" aria-label=\"\" role=\"img\" ><\/div>\n\t\t\t\t\t\t\t\t\t\t\t<div class=\"elementor-gallery-item__overlay\"><\/div>\n\t\t\t\t\t\t\t\t\t\t\t\t\t\t<\/a>\n\t\t\t\t\t\t\t<a class=\"e-gallery-item elementor-gallery-item elementor-animated-content\" href=\"https:\/\/www.rodillosyelastomeros.mx\/tienda\/wp-content\/uploads\/2022\/09\/manga-3.jpg\" data-elementor-open-lightbox=\"yes\" data-elementor-lightbox-slideshow=\"776aa64\" data-elementor-lightbox-title=\"manga-3\" data-e-action-hash=\"#elementor-action%3Aaction%3Dlightbox%26settings%3DeyJpZCI6MzE2MywidXJsIjoiaHR0cHM6XC9cL3d3dy5yb2RpbGxvc3llbGFzdG9tZXJvcy5teFwvdGllbmRhXC93cC1jb250ZW50XC91cGxvYWRzXC8yMDIyXC8wOVwvbWFuZ2EtMy5qcGciLCJzbGlkZXNob3ciOiI3NzZhYTY0In0%3D\">\n\t\t\t\t\t<div class=\"e-gallery-image elementor-gallery-item__image\" data-thumbnail=\"https:\/\/www.rodillosyelastomeros.mx\/tienda\/wp-content\/uploads\/2022\/09\/manga-3-300x196.jpg\" data-width=\"300\" data-height=\"196\" aria-label=\"\" role=\"img\" ><\/div>\n\t\t\t\t\t\t\t\t\t\t\t<div class=\"elementor-gallery-item__overlay\"><\/div>\n\t\t\t\t\t\t\t\t\t\t\t\t\t\t<\/a>\n\t\t\t\t\t\t\t<a class=\"e-gallery-item elementor-gallery-item elementor-animated-content\" href=\"https:\/\/www.rodillosyelastomeros.mx\/tienda\/wp-content\/uploads\/2022\/09\/manga-4.jpg\" data-elementor-open-lightbox=\"yes\" data-elementor-lightbox-slideshow=\"776aa64\" data-elementor-lightbox-title=\"manga-4\" data-e-action-hash=\"#elementor-action%3Aaction%3Dlightbox%26settings%3DeyJpZCI6MzE2NCwidXJsIjoiaHR0cHM6XC9cL3d3dy5yb2RpbGxvc3llbGFzdG9tZXJvcy5teFwvdGllbmRhXC93cC1jb250ZW50XC91cGxvYWRzXC8yMDIyXC8wOVwvbWFuZ2EtNC5qcGciLCJzbGlkZXNob3ciOiI3NzZhYTY0In0%3D\">\n\t\t\t\t\t<div class=\"e-gallery-image elementor-gallery-item__image\" data-thumbnail=\"https:\/\/www.rodillosyelastomeros.mx\/tienda\/wp-content\/uploads\/2022\/09\/manga-4-300x226.jpg\" data-width=\"300\" data-height=\"226\" aria-label=\"\" role=\"img\" ><\/div>\n\t\t\t\t\t\t\t\t\t\t\t<div class=\"elementor-gallery-item__overlay\"><\/div>\n\t\t\t\t\t\t\t\t\t\t\t\t\t\t<\/a>\n\t\t\t\t\t\t\t<a class=\"e-gallery-item elementor-gallery-item elementor-animated-content\" href=\"https:\/\/www.rodillosyelastomeros.mx\/tienda\/wp-content\/uploads\/2022\/09\/manga-5.jpg\" data-elementor-open-lightbox=\"yes\" data-elementor-lightbox-slideshow=\"776aa64\" data-elementor-lightbox-title=\"manga-5\" data-e-action-hash=\"#elementor-action%3Aaction%3Dlightbox%26settings%3DeyJpZCI6MzE2NSwidXJsIjoiaHR0cHM6XC9cL3d3dy5yb2RpbGxvc3llbGFzdG9tZXJvcy5teFwvdGllbmRhXC93cC1jb250ZW50XC91cGxvYWRzXC8yMDIyXC8wOVwvbWFuZ2EtNS5qcGciLCJzbGlkZXNob3ciOiI3NzZhYTY0In0%3D\">\n\t\t\t\t\t<div class=\"e-gallery-image elementor-gallery-item__image\" data-thumbnail=\"https:\/\/www.rodillosyelastomeros.mx\/tienda\/wp-content\/uploads\/2022\/09\/manga-5-300x200.jpg\" data-width=\"300\" data-height=\"200\" aria-label=\"\" role=\"img\" ><\/div>\n\t\t\t\t\t\t\t\t\t\t\t<div class=\"elementor-gallery-item__overlay\"><\/div>\n\t\t\t\t\t\t\t\t\t\t\t\t\t\t<\/a>\n\t\t\t\t\t<\/div>\n\t\t\t\t\t<\/div>\n\t\t\t\t<\/div>\n\t\t\t\t\t<\/div>\n\t\t<\/div>\n\t\t\t\t\t<\/div>\n\t\t<\/section>\n\t\t\t\t\t<\/div>\n\t\t<\/div>\n\t\t\t\t\t<\/div>\n\t\t<\/section>\n\t\t\t\t<\/div>\n\t\t","protected":false},"excerpt":{"rendered":"<p>MANGAS En Rodillos y Elast\u00f3meros concesionados de M\u00e9xico tenemos la experiencia y conocimiento en el campo de las Mangas Flexogr\u00e1ficas, Laminadoras y Porta clich\u00e9. Soluciones principalmente para la industria del empaque flexible. Fabricaci\u00f3n de mangas de base Neum\u00e1tica Recubrimos tus mangas actuales, No las tires pueden quedar como nuevas Rectificado de Mangas Cotizaci\u00f3n Por favor,<\/p>\n<div class=\"klb-readmore entry-button\"><a class=\"btn read-more\" href=\"https:\/\/www.rodillosyelastomeros.mx\/tienda\/mangas\/\">Read More<\/a><\/div>\n","protected":false},"author":1,"featured_media":0,"parent":0,"menu_order":0,"comment_status":"closed","ping_status":"closed","template":"","meta":{"_joinchat":[],"footnotes":""},"class_list":["post-2641","page","type-page","status-publish","hentry"],"_links":{"self":[{"href":"https:\/\/www.rodillosyelastomeros.mx\/tienda\/wp-json\/wp\/v2\/pages\/2641","targetHints":{"allow":["GET"]}}],"collection":[{"href":"https:\/\/www.rodillosyelastomeros.mx\/tienda\/wp-json\/wp\/v2\/pages"}],"about":[{"href":"https:\/\/www.rodillosyelastomeros.mx\/tienda\/wp-json\/wp\/v2\/types\/page"}],"author":[{"embeddable":true,"href":"https:\/\/www.rodillosyelastomeros.mx\/tienda\/wp-json\/wp\/v2\/users\/1"}],"replies":[{"embeddable":true,"href":"https:\/\/www.rodillosyelastomeros.mx\/tienda\/wp-json\/wp\/v2\/comments?post=2641"}],"version-history":[{"count":12,"href":"https:\/\/www.rodillosyelastomeros.mx\/tienda\/wp-json\/wp\/v2\/pages\/2641\/revisions"}],"predecessor-version":[{"id":3168,"href":"https:\/\/www.rodillosyelastomeros.mx\/tienda\/wp-json\/wp\/v2\/pages\/2641\/revisions\/3168"}],"wp:attachment":[{"href":"https:\/\/www.rodillosyelastomeros.mx\/tienda\/wp-json\/wp\/v2\/media?parent=2641"}],"curies":[{"name":"wp","href":"https:\/\/api.w.org\/{rel}","templated":true}]}}