{"id":2643,"date":"2022-08-20T19:48:29","date_gmt":"2022-08-20T19:48:29","guid":{"rendered":"https:\/\/www.rodillosyelastomeros.mx\/tienda\/?page_id=2643"},"modified":"2022-09-24T22:57:39","modified_gmt":"2022-09-24T22:57:39","slug":"fabricacion-de-piezas-especiales","status":"publish","type":"page","link":"https:\/\/www.rodillosyelastomeros.mx\/tienda\/fabricacion-de-piezas-especiales\/","title":{"rendered":"Fabricaci\u00f3n de Piezas Especiales"},"content":{"rendered":"\t\t<div data-elementor-type=\"wp-page\" data-elementor-id=\"2643\" class=\"elementor elementor-2643\" data-elementor-post-type=\"page\">\n\t\t\t\t\t\t<section class=\"elementor-section elementor-top-section elementor-element elementor-element-03c8ced elementor-section-boxed elementor-section-height-default elementor-section-height-default\" data-id=\"03c8ced\" data-element_type=\"section\" data-e-type=\"section\">\n\t\t\t\t\t\t<div class=\"elementor-container elementor-column-gap-default\">\n\t\t\t\t\t<div class=\"elementor-column elementor-col-100 elementor-top-column elementor-element elementor-element-1d90735\" data-id=\"1d90735\" data-element_type=\"column\" data-e-type=\"column\">\n\t\t\t<div class=\"elementor-widget-wrap elementor-element-populated\">\n\t\t\t\t\t\t<div class=\"elementor-element elementor-element-58589cc elementor-widget elementor-widget-spacer\" data-id=\"58589cc\" data-element_type=\"widget\" data-e-type=\"widget\" data-widget_type=\"spacer.default\">\n\t\t\t\t<div class=\"elementor-widget-container\">\n\t\t\t\t\t\t\t<div class=\"elementor-spacer\">\n\t\t\t<div class=\"elementor-spacer-inner\"><\/div>\n\t\t<\/div>\n\t\t\t\t\t\t<\/div>\n\t\t\t\t<\/div>\n\t\t\t\t<div class=\"elementor-element elementor-element-537bc49 elementor-widget elementor-widget-heading\" data-id=\"537bc49\" data-element_type=\"widget\" data-e-type=\"widget\" data-widget_type=\"heading.default\">\n\t\t\t\t<div class=\"elementor-widget-container\">\n\t\t\t\t\t<h2 class=\"elementor-heading-title elementor-size-default\">Fabricaci\u00f3n de Piezas Especiales<\/h2>\t\t\t\t<\/div>\n\t\t\t\t<\/div>\n\t\t\t\t<div class=\"elementor-element elementor-element-674b17a elementor-widget elementor-widget-text-editor\" data-id=\"674b17a\" data-element_type=\"widget\" data-e-type=\"widget\" data-widget_type=\"text-editor.default\">\n\t\t\t\t<div class=\"elementor-widget-container\">\n\t\t\t\t\t\t\t\t\t<p>En Rodillos y Elast\u00f3meros Concesionados de M\u00e9xico, Gracias a la experiencia y conocimiento del mercado podemos facilitarte el conseguir o fabricar esa pieza que estas buscando en cualquier elast\u00f3mero.<\/p><p>Solo comp\u00e1rtenos tu plano, bosquejo o bien la muestra original y con gusto te cotizamos eso que estas buscando<\/p>\t\t\t\t\t\t\t\t<\/div>\n\t\t\t\t<\/div>\n\t\t\t\t<section class=\"elementor-section elementor-inner-section elementor-element elementor-element-52cbae8 elementor-section-boxed elementor-section-height-default elementor-section-height-default\" data-id=\"52cbae8\" data-element_type=\"section\" data-e-type=\"section\">\n\t\t\t\t\t\t<div class=\"elementor-container elementor-column-gap-default\">\n\t\t\t\t\t<div class=\"elementor-column elementor-col-50 elementor-inner-column elementor-element elementor-element-df94e8f\" data-id=\"df94e8f\" data-element_type=\"column\" data-e-type=\"column\">\n\t\t\t<div class=\"elementor-widget-wrap\">\n\t\t\t\t\t\t\t<\/div>\n\t\t<\/div>\n\t\t\t\t<div class=\"elementor-column elementor-col-50 elementor-inner-column elementor-element elementor-element-19e29b3\" data-id=\"19e29b3\" data-element_type=\"column\" data-e-type=\"column\">\n\t\t\t<div class=\"elementor-widget-wrap elementor-element-populated\">\n\t\t\t\t\t\t<div class=\"elementor-element elementor-element-5dfdbea elementor-widget elementor-widget-gallery\" data-id=\"5dfdbea\" data-element_type=\"widget\" data-e-type=\"widget\" data-settings=\"{&quot;columns&quot;:3,&quot;lazyload&quot;:&quot;yes&quot;,&quot;gallery_layout&quot;:&quot;grid&quot;,&quot;columns_tablet&quot;:2,&quot;columns_mobile&quot;:1,&quot;gap&quot;:{&quot;unit&quot;:&quot;px&quot;,&quot;size&quot;:10,&quot;sizes&quot;:[]},&quot;gap_tablet&quot;:{&quot;unit&quot;:&quot;px&quot;,&quot;size&quot;:10,&quot;sizes&quot;:[]},&quot;gap_mobile&quot;:{&quot;unit&quot;:&quot;px&quot;,&quot;size&quot;:10,&quot;sizes&quot;:[]},&quot;link_to&quot;:&quot;file&quot;,&quot;aspect_ratio&quot;:&quot;3:2&quot;,&quot;overlay_background&quot;:&quot;yes&quot;,&quot;content_hover_animation&quot;:&quot;fade-in&quot;}\" data-widget_type=\"gallery.default\">\n\t\t\t\t<div class=\"elementor-widget-container\">\n\t\t\t\t\t\t\t<div class=\"elementor-gallery__container\">\n\t\t\t\t\t\t\t<a class=\"e-gallery-item elementor-gallery-item elementor-animated-content\" href=\"https:\/\/www.rodillosyelastomeros.mx\/tienda\/wp-content\/uploads\/2022\/09\/pieza-especial-1.jpg\" data-elementor-open-lightbox=\"yes\" data-elementor-lightbox-slideshow=\"5dfdbea\" data-elementor-lightbox-title=\"pieza-especial-1\" data-e-action-hash=\"#elementor-action%3Aaction%3Dlightbox%26settings%3DeyJpZCI6MzE2OSwidXJsIjoiaHR0cHM6XC9cL3d3dy5yb2RpbGxvc3llbGFzdG9tZXJvcy5teFwvdGllbmRhXC93cC1jb250ZW50XC91cGxvYWRzXC8yMDIyXC8wOVwvcGllemEtZXNwZWNpYWwtMS5qcGciLCJzbGlkZXNob3ciOiI1ZGZkYmVhIn0%3D\">\n\t\t\t\t\t<div class=\"e-gallery-image elementor-gallery-item__image\" data-thumbnail=\"https:\/\/www.rodillosyelastomeros.mx\/tienda\/wp-content\/uploads\/2022\/09\/pieza-especial-1-300x180.jpg\" data-width=\"300\" data-height=\"180\" aria-label=\"\" role=\"img\" ><\/div>\n\t\t\t\t\t\t\t\t\t\t\t<div class=\"elementor-gallery-item__overlay\"><\/div>\n\t\t\t\t\t\t\t\t\t\t\t\t\t\t<\/a>\n\t\t\t\t\t\t\t<a class=\"e-gallery-item elementor-gallery-item elementor-animated-content\" href=\"https:\/\/www.rodillosyelastomeros.mx\/tienda\/wp-content\/uploads\/2022\/09\/pieza-especial-2.jpg\" data-elementor-open-lightbox=\"yes\" data-elementor-lightbox-slideshow=\"5dfdbea\" data-elementor-lightbox-title=\"pieza-especial-2\" data-e-action-hash=\"#elementor-action%3Aaction%3Dlightbox%26settings%3DeyJpZCI6MzE3MCwidXJsIjoiaHR0cHM6XC9cL3d3dy5yb2RpbGxvc3llbGFzdG9tZXJvcy5teFwvdGllbmRhXC93cC1jb250ZW50XC91cGxvYWRzXC8yMDIyXC8wOVwvcGllemEtZXNwZWNpYWwtMi5qcGciLCJzbGlkZXNob3ciOiI1ZGZkYmVhIn0%3D\">\n\t\t\t\t\t<div class=\"e-gallery-image elementor-gallery-item__image\" data-thumbnail=\"https:\/\/www.rodillosyelastomeros.mx\/tienda\/wp-content\/uploads\/2022\/09\/pieza-especial-2-300x300.jpg\" data-width=\"300\" data-height=\"300\" aria-label=\"\" role=\"img\" ><\/div>\n\t\t\t\t\t\t\t\t\t\t\t<div class=\"elementor-gallery-item__overlay\"><\/div>\n\t\t\t\t\t\t\t\t\t\t\t\t\t\t<\/a>\n\t\t\t\t\t\t\t<a class=\"e-gallery-item elementor-gallery-item elementor-animated-content\" href=\"https:\/\/www.rodillosyelastomeros.mx\/tienda\/wp-content\/uploads\/2022\/09\/pieza-especial-3.jpg\" data-elementor-open-lightbox=\"yes\" data-elementor-lightbox-slideshow=\"5dfdbea\" data-elementor-lightbox-title=\"pieza-especial-3\" data-e-action-hash=\"#elementor-action%3Aaction%3Dlightbox%26settings%3DeyJpZCI6MzE3MSwidXJsIjoiaHR0cHM6XC9cL3d3dy5yb2RpbGxvc3llbGFzdG9tZXJvcy5teFwvdGllbmRhXC93cC1jb250ZW50XC91cGxvYWRzXC8yMDIyXC8wOVwvcGllemEtZXNwZWNpYWwtMy5qcGciLCJzbGlkZXNob3ciOiI1ZGZkYmVhIn0%3D\">\n\t\t\t\t\t<div class=\"e-gallery-image elementor-gallery-item__image\" data-thumbnail=\"https:\/\/www.rodillosyelastomeros.mx\/tienda\/wp-content\/uploads\/2022\/09\/pieza-especial-3-300x211.jpg\" data-width=\"300\" data-height=\"211\" aria-label=\"\" role=\"img\" ><\/div>\n\t\t\t\t\t\t\t\t\t\t\t<div class=\"elementor-gallery-item__overlay\"><\/div>\n\t\t\t\t\t\t\t\t\t\t\t\t\t\t<\/a>\n\t\t\t\t\t\t\t<a class=\"e-gallery-item elementor-gallery-item elementor-animated-content\" href=\"https:\/\/www.rodillosyelastomeros.mx\/tienda\/wp-content\/uploads\/2022\/09\/pieza-especial-4.jpg\" data-elementor-open-lightbox=\"yes\" data-elementor-lightbox-slideshow=\"5dfdbea\" data-elementor-lightbox-title=\"pieza-especial-4\" data-e-action-hash=\"#elementor-action%3Aaction%3Dlightbox%26settings%3DeyJpZCI6MzE3MiwidXJsIjoiaHR0cHM6XC9cL3d3dy5yb2RpbGxvc3llbGFzdG9tZXJvcy5teFwvdGllbmRhXC93cC1jb250ZW50XC91cGxvYWRzXC8yMDIyXC8wOVwvcGllemEtZXNwZWNpYWwtNC5qcGciLCJzbGlkZXNob3ciOiI1ZGZkYmVhIn0%3D\">\n\t\t\t\t\t<div class=\"e-gallery-image elementor-gallery-item__image\" data-thumbnail=\"https:\/\/www.rodillosyelastomeros.mx\/tienda\/wp-content\/uploads\/2022\/09\/pieza-especial-4-300x282.jpg\" data-width=\"300\" data-height=\"282\" aria-label=\"\" role=\"img\" ><\/div>\n\t\t\t\t\t\t\t\t\t\t\t<div class=\"elementor-gallery-item__overlay\"><\/div>\n\t\t\t\t\t\t\t\t\t\t\t\t\t\t<\/a>\n\t\t\t\t\t\t\t<a class=\"e-gallery-item elementor-gallery-item elementor-animated-content\" href=\"https:\/\/www.rodillosyelastomeros.mx\/tienda\/wp-content\/uploads\/2022\/09\/pieza-especial-5.jpg\" data-elementor-open-lightbox=\"yes\" data-elementor-lightbox-slideshow=\"5dfdbea\" data-elementor-lightbox-title=\"pieza-especial-5\" data-e-action-hash=\"#elementor-action%3Aaction%3Dlightbox%26settings%3DeyJpZCI6MzE3MywidXJsIjoiaHR0cHM6XC9cL3d3dy5yb2RpbGxvc3llbGFzdG9tZXJvcy5teFwvdGllbmRhXC93cC1jb250ZW50XC91cGxvYWRzXC8yMDIyXC8wOVwvcGllemEtZXNwZWNpYWwtNS5qcGciLCJzbGlkZXNob3ciOiI1ZGZkYmVhIn0%3D\">\n\t\t\t\t\t<div class=\"e-gallery-image elementor-gallery-item__image\" data-thumbnail=\"https:\/\/www.rodillosyelastomeros.mx\/tienda\/wp-content\/uploads\/2022\/09\/pieza-especial-5-300x300.jpg\" data-width=\"300\" data-height=\"300\" aria-label=\"\" role=\"img\" ><\/div>\n\t\t\t\t\t\t\t\t\t\t\t<div class=\"elementor-gallery-item__overlay\"><\/div>\n\t\t\t\t\t\t\t\t\t\t\t\t\t\t<\/a>\n\t\t\t\t\t\t\t<a class=\"e-gallery-item elementor-gallery-item elementor-animated-content\" href=\"https:\/\/www.rodillosyelastomeros.mx\/tienda\/wp-content\/uploads\/2022\/09\/pieza-especial-6.jpg\" data-elementor-open-lightbox=\"yes\" data-elementor-lightbox-slideshow=\"5dfdbea\" data-elementor-lightbox-title=\"pieza-especial-6\" data-e-action-hash=\"#elementor-action%3Aaction%3Dlightbox%26settings%3DeyJpZCI6MzE3NCwidXJsIjoiaHR0cHM6XC9cL3d3dy5yb2RpbGxvc3llbGFzdG9tZXJvcy5teFwvdGllbmRhXC93cC1jb250ZW50XC91cGxvYWRzXC8yMDIyXC8wOVwvcGllemEtZXNwZWNpYWwtNi5qcGciLCJzbGlkZXNob3ciOiI1ZGZkYmVhIn0%3D\">\n\t\t\t\t\t<div class=\"e-gallery-image elementor-gallery-item__image\" data-thumbnail=\"https:\/\/www.rodillosyelastomeros.mx\/tienda\/wp-content\/uploads\/2022\/09\/pieza-especial-6-300x300.jpg\" data-width=\"300\" data-height=\"300\" aria-label=\"\" role=\"img\" ><\/div>\n\t\t\t\t\t\t\t\t\t\t\t<div class=\"elementor-gallery-item__overlay\"><\/div>\n\t\t\t\t\t\t\t\t\t\t\t\t\t\t<\/a>\n\t\t\t\t\t\t\t<a class=\"e-gallery-item elementor-gallery-item elementor-animated-content\" href=\"https:\/\/www.rodillosyelastomeros.mx\/tienda\/wp-content\/uploads\/2022\/09\/pieza-especial-7.jpg\" data-elementor-open-lightbox=\"yes\" data-elementor-lightbox-slideshow=\"5dfdbea\" data-elementor-lightbox-title=\"pieza-especial-7\" data-e-action-hash=\"#elementor-action%3Aaction%3Dlightbox%26settings%3DeyJpZCI6MzE3NSwidXJsIjoiaHR0cHM6XC9cL3d3dy5yb2RpbGxvc3llbGFzdG9tZXJvcy5teFwvdGllbmRhXC93cC1jb250ZW50XC91cGxvYWRzXC8yMDIyXC8wOVwvcGllemEtZXNwZWNpYWwtNy5qcGciLCJzbGlkZXNob3ciOiI1ZGZkYmVhIn0%3D\">\n\t\t\t\t\t<div class=\"e-gallery-image elementor-gallery-item__image\" data-thumbnail=\"https:\/\/www.rodillosyelastomeros.mx\/tienda\/wp-content\/uploads\/2022\/09\/pieza-especial-7-300x300.jpg\" data-width=\"300\" data-height=\"300\" aria-label=\"\" role=\"img\" ><\/div>\n\t\t\t\t\t\t\t\t\t\t\t<div class=\"elementor-gallery-item__overlay\"><\/div>\n\t\t\t\t\t\t\t\t\t\t\t\t\t\t<\/a>\n\t\t\t\t\t\t\t<a class=\"e-gallery-item elementor-gallery-item elementor-animated-content\" href=\"https:\/\/www.rodillosyelastomeros.mx\/tienda\/wp-content\/uploads\/2022\/09\/pieza-especial-8.jpg\" data-elementor-open-lightbox=\"yes\" data-elementor-lightbox-slideshow=\"5dfdbea\" data-elementor-lightbox-title=\"pieza-especial-8\" data-e-action-hash=\"#elementor-action%3Aaction%3Dlightbox%26settings%3DeyJpZCI6MzE3NiwidXJsIjoiaHR0cHM6XC9cL3d3dy5yb2RpbGxvc3llbGFzdG9tZXJvcy5teFwvdGllbmRhXC93cC1jb250ZW50XC91cGxvYWRzXC8yMDIyXC8wOVwvcGllemEtZXNwZWNpYWwtOC5qcGciLCJzbGlkZXNob3ciOiI1ZGZkYmVhIn0%3D\">\n\t\t\t\t\t<div class=\"e-gallery-image elementor-gallery-item__image\" data-thumbnail=\"https:\/\/www.rodillosyelastomeros.mx\/tienda\/wp-content\/uploads\/2022\/09\/pieza-especial-8-300x264.jpg\" data-width=\"300\" data-height=\"264\" aria-label=\"\" role=\"img\" ><\/div>\n\t\t\t\t\t\t\t\t\t\t\t<div class=\"elementor-gallery-item__overlay\"><\/div>\n\t\t\t\t\t\t\t\t\t\t\t\t\t\t<\/a>\n\t\t\t\t\t\t\t<a class=\"e-gallery-item elementor-gallery-item elementor-animated-content\" href=\"https:\/\/www.rodillosyelastomeros.mx\/tienda\/wp-content\/uploads\/2022\/09\/pieza-especial-9.jpg\" data-elementor-open-lightbox=\"yes\" data-elementor-lightbox-slideshow=\"5dfdbea\" data-elementor-lightbox-title=\"pieza-especial-9\" data-e-action-hash=\"#elementor-action%3Aaction%3Dlightbox%26settings%3DeyJpZCI6MzE3NywidXJsIjoiaHR0cHM6XC9cL3d3dy5yb2RpbGxvc3llbGFzdG9tZXJvcy5teFwvdGllbmRhXC93cC1jb250ZW50XC91cGxvYWRzXC8yMDIyXC8wOVwvcGllemEtZXNwZWNpYWwtOS5qcGciLCJzbGlkZXNob3ciOiI1ZGZkYmVhIn0%3D\">\n\t\t\t\t\t<div class=\"e-gallery-image elementor-gallery-item__image\" data-thumbnail=\"https:\/\/www.rodillosyelastomeros.mx\/tienda\/wp-content\/uploads\/2022\/09\/pieza-especial-9-300x300.jpg\" data-width=\"300\" data-height=\"300\" aria-label=\"\" role=\"img\" ><\/div>\n\t\t\t\t\t\t\t\t\t\t\t<div class=\"elementor-gallery-item__overlay\"><\/div>\n\t\t\t\t\t\t\t\t\t\t\t\t\t\t<\/a>\n\t\t\t\t\t\t\t<a class=\"e-gallery-item elementor-gallery-item elementor-animated-content\" href=\"https:\/\/www.rodillosyelastomeros.mx\/tienda\/wp-content\/uploads\/2022\/09\/pieza-especial-10.jpg\" data-elementor-open-lightbox=\"yes\" data-elementor-lightbox-slideshow=\"5dfdbea\" data-elementor-lightbox-title=\"pieza-especial-10\" data-e-action-hash=\"#elementor-action%3Aaction%3Dlightbox%26settings%3DeyJpZCI6MzE3OCwidXJsIjoiaHR0cHM6XC9cL3d3dy5yb2RpbGxvc3llbGFzdG9tZXJvcy5teFwvdGllbmRhXC93cC1jb250ZW50XC91cGxvYWRzXC8yMDIyXC8wOVwvcGllemEtZXNwZWNpYWwtMTAuanBnIiwic2xpZGVzaG93IjoiNWRmZGJlYSJ9\">\n\t\t\t\t\t<div class=\"e-gallery-image elementor-gallery-item__image\" data-thumbnail=\"https:\/\/www.rodillosyelastomeros.mx\/tienda\/wp-content\/uploads\/2022\/09\/pieza-especial-10-300x225.jpg\" data-width=\"300\" data-height=\"225\" aria-label=\"\" role=\"img\" ><\/div>\n\t\t\t\t\t\t\t\t\t\t\t<div class=\"elementor-gallery-item__overlay\"><\/div>\n\t\t\t\t\t\t\t\t\t\t\t\t\t\t<\/a>\n\t\t\t\t\t\t\t<a class=\"e-gallery-item elementor-gallery-item elementor-animated-content\" href=\"https:\/\/www.rodillosyelastomeros.mx\/tienda\/wp-content\/uploads\/2022\/09\/pieza-especial-11.jpg\" data-elementor-open-lightbox=\"yes\" data-elementor-lightbox-slideshow=\"5dfdbea\" data-elementor-lightbox-title=\"pieza-especial-11\" data-e-action-hash=\"#elementor-action%3Aaction%3Dlightbox%26settings%3DeyJpZCI6MzE3OSwidXJsIjoiaHR0cHM6XC9cL3d3dy5yb2RpbGxvc3llbGFzdG9tZXJvcy5teFwvdGllbmRhXC93cC1jb250ZW50XC91cGxvYWRzXC8yMDIyXC8wOVwvcGllemEtZXNwZWNpYWwtMTEuanBnIiwic2xpZGVzaG93IjoiNWRmZGJlYSJ9\">\n\t\t\t\t\t<div class=\"e-gallery-image elementor-gallery-item__image\" data-thumbnail=\"https:\/\/www.rodillosyelastomeros.mx\/tienda\/wp-content\/uploads\/2022\/09\/pieza-especial-11-300x200.jpg\" data-width=\"300\" data-height=\"200\" aria-label=\"\" role=\"img\" ><\/div>\n\t\t\t\t\t\t\t\t\t\t\t<div class=\"elementor-gallery-item__overlay\"><\/div>\n\t\t\t\t\t\t\t\t\t\t\t\t\t\t<\/a>\n\t\t\t\t\t\t\t<a class=\"e-gallery-item elementor-gallery-item elementor-animated-content\" href=\"https:\/\/www.rodillosyelastomeros.mx\/tienda\/wp-content\/uploads\/2022\/09\/pieza-especial-12.jpg\" data-elementor-open-lightbox=\"yes\" data-elementor-lightbox-slideshow=\"5dfdbea\" data-elementor-lightbox-title=\"pieza-especial-12\" data-e-action-hash=\"#elementor-action%3Aaction%3Dlightbox%26settings%3DeyJpZCI6MzE4MSwidXJsIjoiaHR0cHM6XC9cL3d3dy5yb2RpbGxvc3llbGFzdG9tZXJvcy5teFwvdGllbmRhXC93cC1jb250ZW50XC91cGxvYWRzXC8yMDIyXC8wOVwvcGllemEtZXNwZWNpYWwtMTIuanBnIiwic2xpZGVzaG93IjoiNWRmZGJlYSJ9\">\n\t\t\t\t\t<div class=\"e-gallery-image elementor-gallery-item__image\" data-thumbnail=\"https:\/\/www.rodillosyelastomeros.mx\/tienda\/wp-content\/uploads\/2022\/09\/pieza-especial-12-300x225.jpg\" data-width=\"300\" data-height=\"225\" aria-label=\"\" role=\"img\" ><\/div>\n\t\t\t\t\t\t\t\t\t\t\t<div class=\"elementor-gallery-item__overlay\"><\/div>\n\t\t\t\t\t\t\t\t\t\t\t\t\t\t<\/a>\n\t\t\t\t\t<\/div>\n\t\t\t\t\t<\/div>\n\t\t\t\t<\/div>\n\t\t\t\t\t<\/div>\n\t\t<\/div>\n\t\t\t\t\t<\/div>\n\t\t<\/section>\n\t\t\t\t\t<\/div>\n\t\t<\/div>\n\t\t\t\t\t<\/div>\n\t\t<\/section>\n\t\t\t\t<\/div>\n\t\t","protected":false},"excerpt":{"rendered":"<p>Fabricaci\u00f3n de Piezas Especiales En Rodillos y Elast\u00f3meros Concesionados de M\u00e9xico, Gracias a la experiencia y conocimiento del mercado podemos facilitarte el conseguir o fabricar esa pieza que estas buscando en cualquier elast\u00f3mero. Solo comp\u00e1rtenos tu plano, bosquejo o bien la muestra original y con gusto te cotizamos eso que estas buscando Cotizaci\u00f3n Por favor,<\/p>\n<div class=\"klb-readmore entry-button\"><a class=\"btn read-more\" href=\"https:\/\/www.rodillosyelastomeros.mx\/tienda\/fabricacion-de-piezas-especiales\/\">Read More<\/a><\/div>\n","protected":false},"author":1,"featured_media":0,"parent":0,"menu_order":0,"comment_status":"closed","ping_status":"closed","template":"","meta":{"_joinchat":[],"footnotes":""},"class_list":["post-2643","page","type-page","status-publish","hentry"],"_links":{"self":[{"href":"https:\/\/www.rodillosyelastomeros.mx\/tienda\/wp-json\/wp\/v2\/pages\/2643","targetHints":{"allow":["GET"]}}],"collection":[{"href":"https:\/\/www.rodillosyelastomeros.mx\/tienda\/wp-json\/wp\/v2\/pages"}],"about":[{"href":"https:\/\/www.rodillosyelastomeros.mx\/tienda\/wp-json\/wp\/v2\/types\/page"}],"author":[{"embeddable":true,"href":"https:\/\/www.rodillosyelastomeros.mx\/tienda\/wp-json\/wp\/v2\/users\/1"}],"replies":[{"embeddable":true,"href":"https:\/\/www.rodillosyelastomeros.mx\/tienda\/wp-json\/wp\/v2\/comments?post=2643"}],"version-history":[{"count":10,"href":"https:\/\/www.rodillosyelastomeros.mx\/tienda\/wp-json\/wp\/v2\/pages\/2643\/revisions"}],"predecessor-version":[{"id":3184,"href":"https:\/\/www.rodillosyelastomeros.mx\/tienda\/wp-json\/wp\/v2\/pages\/2643\/revisions\/3184"}],"wp:attachment":[{"href":"https:\/\/www.rodillosyelastomeros.mx\/tienda\/wp-json\/wp\/v2\/media?parent=2643"}],"curies":[{"name":"wp","href":"https:\/\/api.w.org\/{rel}","templated":true}]}}