{"id":41,"date":"2021-09-04T05:33:43","date_gmt":"2021-09-04T05:33:43","guid":{"rendered":"http:\/\/localhost\/machic\/?page_id=41"},"modified":"2022-08-21T19:02:27","modified_gmt":"2022-08-21T19:02:27","slug":"inicio","status":"publish","type":"page","link":"https:\/\/www.rodillosyelastomeros.mx\/tienda\/","title":{"rendered":"Inicio"},"content":{"rendered":"\t\t<div data-elementor-type=\"wp-page\" data-elementor-id=\"41\" class=\"elementor elementor-41\" data-elementor-post-type=\"page\">\n\t\t\t\t\t\t<section class=\"elementor-section elementor-top-section elementor-element elementor-element-04d99c7 elementor-section-boxed elementor-section-height-default elementor-section-height-default\" data-id=\"04d99c7\" data-element_type=\"section\" data-e-type=\"section\">\n\t\t\t\t\t\t<div class=\"elementor-container elementor-column-gap-extended\">\n\t\t\t\t\t<div class=\"elementor-column elementor-col-50 elementor-top-column elementor-element elementor-element-ceef594 elementor-hidden-tablet elementor-hidden-mobile\" data-id=\"ceef594\" data-element_type=\"column\" data-e-type=\"column\">\n\t\t\t<div class=\"elementor-widget-wrap\">\n\t\t\t\t\t\t\t<\/div>\n\t\t<\/div>\n\t\t\t\t<div class=\"elementor-column elementor-col-50 elementor-top-column elementor-element elementor-element-0434920\" data-id=\"0434920\" data-element_type=\"column\" data-e-type=\"column\">\n\t\t\t<div class=\"elementor-widget-wrap\">\n\t\t\t\t\t\t\t<\/div>\n\t\t<\/div>\n\t\t\t\t\t<\/div>\n\t\t<\/section>\n\t\t\t\t<div class=\"elementor-section elementor-top-section elementor-element elementor-element-544c1c4 elementor-section-boxed elementor-section-height-default elementor-section-height-default\" data-id=\"544c1c4\" data-element_type=\"section\" data-e-type=\"section\">\n\t\t\t\t\t\t<div class=\"elementor-container elementor-column-gap-extended\">\n\t\t\t\t\t<div class=\"elementor-column elementor-col-100 elementor-top-column elementor-element elementor-element-165e7da\" data-id=\"165e7da\" data-element_type=\"column\" data-e-type=\"column\">\n\t\t\t<div class=\"elementor-widget-wrap elementor-element-populated\">\n\t\t\t\t\t\t<div class=\"elementor-element elementor-element-686e485 elementor-widget-divider--view-line elementor-widget elementor-widget-divider\" data-id=\"686e485\" data-element_type=\"widget\" data-e-type=\"widget\" data-widget_type=\"divider.default\">\n\t\t\t\t<div class=\"elementor-widget-container\">\n\t\t\t\t\t\t\t<div class=\"elementor-divider\">\n\t\t\t<span class=\"elementor-divider-separator\">\n\t\t\t\t\t\t<\/span>\n\t\t<\/div>\n\t\t\t\t\t\t<\/div>\n\t\t\t\t<\/div>\n\t\t\t\t\t<\/div>\n\t\t<\/div>\n\t\t\t\t\t<\/div>\n\t\t<\/div>\n\t\t\t\t<div class=\"elementor-section elementor-top-section elementor-element elementor-element-2948966 elementor-reverse-tablet elementor-reverse-mobile elementor-section-boxed elementor-section-height-default elementor-section-height-default\" data-id=\"2948966\" data-element_type=\"section\" data-e-type=\"section\">\n\t\t\t\t\t\t<div class=\"elementor-container elementor-column-gap-extended\">\n\t\t\t\t\t<div class=\"elementor-column elementor-col-50 elementor-top-column elementor-element elementor-element-393b840 sticky\" data-id=\"393b840\" data-element_type=\"column\" data-e-type=\"column\">\n\t\t\t<div class=\"elementor-widget-wrap\">\n\t\t\t\t\t\t\t<\/div>\n\t\t<\/div>\n\t\t\t\t<div class=\"elementor-column elementor-col-50 elementor-top-column elementor-element elementor-element-778da95\" data-id=\"778da95\" data-element_type=\"column\" data-e-type=\"column\">\n\t\t\t<div class=\"elementor-widget-wrap elementor-element-populated\">\n\t\t\t\t\t\t<div class=\"elementor-element elementor-element-ccb9d94 elementor-widget elementor-widget-text-editor\" data-id=\"ccb9d94\" data-element_type=\"widget\" data-e-type=\"widget\" data-widget_type=\"text-editor.default\">\n\t\t\t\t<div class=\"elementor-widget-container\">\n\t\t\t\t\t\t\t\t\t<h4><span style=\"color: #333399;\">Rodillos y Elast\u00f3meros Concesionados de M\u00e9xico<\/span><\/h4><p>Es creado con el objetivo de abastecer piezas especiales, empaques, rodillos y mangas flexogr\u00e1ficas para toda la industria mexicana, mediante la comercializaci\u00f3n de estos productos.<\/p><p>Gracias a la experiencia y conocimiento de estos mercados. Podemos apoyar a la Industria Nacional con una pronta respuesta a conseguir esa pieza, empaque, manga o rodillo que este buscando.<\/p><p>Amigo comprador o encargado de mantenimiento no te preocupes por estos insumos. Nosotros te los conseguimos d\u00e1ndote calidad, precio y servicio.<\/p><p>Recubrimiento de rodillos y piezas especiales para la Industria<\/p>\t\t\t\t\t\t\t\t<\/div>\n\t\t\t\t<\/div>\n\t\t\t\t\t<\/div>\n\t\t<\/div>\n\t\t\t\t\t<\/div>\n\t\t<\/div>\n\t\t\t\t<\/div>\n\t\t","protected":false},"excerpt":{"rendered":"<p>Rodillos y Elastomeros Recubrimiento de RODILLOS Para toda la industr\u00eda Mexicana M\u00e1s Informaci\u00f3n Rodillos y Elastomeros Rectificado de Rodillos Podemos adaptarnos a sus tiempos de paros preventivos o correctivos entregando a la brevedad M\u00e1s Informaci\u00f3n Rodillos y Elastomeros Fabricaci\u00f3n de Piezas Especiales Tenemos un \u00e1rea dedicada especialmente a la elaboraci\u00f3n, Dise\u00f1o y Fabricaci\u00f3n de piezas<\/p>\n<div class=\"klb-readmore entry-button\"><a class=\"btn read-more\" href=\"https:\/\/www.rodillosyelastomeros.mx\/tienda\/\">Read More<\/a><\/div>\n","protected":false},"author":1,"featured_media":0,"parent":0,"menu_order":0,"comment_status":"closed","ping_status":"closed","template":"elementor_theme","meta":{"_joinchat":[],"footnotes":""},"class_list":["post-41","page","type-page","status-publish","hentry"],"_links":{"self":[{"href":"https:\/\/www.rodillosyelastomeros.mx\/tienda\/wp-json\/wp\/v2\/pages\/41","targetHints":{"allow":["GET"]}}],"collection":[{"href":"https:\/\/www.rodillosyelastomeros.mx\/tienda\/wp-json\/wp\/v2\/pages"}],"about":[{"href":"https:\/\/www.rodillosyelastomeros.mx\/tienda\/wp-json\/wp\/v2\/types\/page"}],"author":[{"embeddable":true,"href":"https:\/\/www.rodillosyelastomeros.mx\/tienda\/wp-json\/wp\/v2\/users\/1"}],"replies":[{"embeddable":true,"href":"https:\/\/www.rodillosyelastomeros.mx\/tienda\/wp-json\/wp\/v2\/comments?post=41"}],"version-history":[{"count":30,"href":"https:\/\/www.rodillosyelastomeros.mx\/tienda\/wp-json\/wp\/v2\/pages\/41\/revisions"}],"predecessor-version":[{"id":2803,"href":"https:\/\/www.rodillosyelastomeros.mx\/tienda\/wp-json\/wp\/v2\/pages\/41\/revisions\/2803"}],"wp:attachment":[{"href":"https:\/\/www.rodillosyelastomeros.mx\/tienda\/wp-json\/wp\/v2\/media?parent=41"}],"curies":[{"name":"wp","href":"https:\/\/api.w.org\/{rel}","templated":true}]}}